{"id":64,"date":"2015-08-05T09:27:44","date_gmt":"2015-08-05T09:27:44","guid":{"rendered":"http:\/\/nhrg02n.unil.ch\/icann2016.org\/public_html\/?page_id=64"},"modified":"2025-07-26T11:36:04","modified_gmt":"2025-07-26T11:36:04","slug":"organising-committee","status":"publish","type":"page","link":"https:\/\/e-nns.org\/icann2025\/organization\/organising-committee\/","title":{"rendered":"Organizing committee"},"content":{"rendered":"\n<p><strong><br><strong>Local Organizing Committee<\/strong><\/strong><\/p>\n\n\n\n<ul class=\"wp-block-list\">\n<li>Au\u0161ra Saudargien\u0117, Lithuanian University of Health Sciences\/Vytautas Magnus University, Lithuania<\/li>\n\n\n\n<li>Linas Petkevi\u010dius, Vilnius University, Artificial intelligence association of Lithuania, Lithuania<\/li>\n<\/ul>\n\n\n\n<p><strong><br><strong>Workshop, Tutorials and Special Session Chairs<\/strong><\/strong><\/p>\n\n\n\n<ul class=\"wp-block-list\">\n<li>Povilas Daniusis (Neurotechnology\/Vytautas Magnus University, Lithuania)<\/li>\n\n\n\n<li>Dalius Matuzevi\u010dius (VilniusTech)<\/li>\n<\/ul>\n\n\n\n<p><strong><strong>Proceedings Chairs<\/strong><\/strong><\/p>\n\n\n\n<ul class=\"wp-block-list\">\n<li>Linas Petkevi\u010dius, Vilnius University, Artificial intelligence association of Lithuania, Lithuania<\/li>\n\n\n\n<li>Igor Tetko (Helmholtz Munich, Germany)<\/li>\n<\/ul>\n\n\n\n<p><strong><br><strong>Diversity &amp; Inclusion Chair<\/strong><\/strong><\/p>\n\n\n\n<ul class=\"wp-block-list\">\n<li>Kamil\u0117 Dementavi\u010di\u016bt\u0117 (Vinted)<\/li>\n<\/ul>\n\n\n\n<p><strong><br><strong>Steering Committee<\/strong><\/strong><\/p>\n\n\n\n<ul class=\"wp-block-list\">\n<li>Stefan Wermter, University of Hamburg, Germany<\/li>\n\n\n\n<li>Angelo Cangelosi, University of Manchester, UK<\/li>\n\n\n\n<li>Igor Farka\u0161, Comenius University in Bratislava, Slovakia<\/li>\n\n\n\n<li>Chrisina Jayne, Teesside University, UK<\/li>\n\n\n\n<li>Matthias Kerzel, University of Hamburg, Germany<\/li>\n\n\n\n<li>Alessandra Lintas, University of Lausanne, Switzerland<\/li>\n\n\n\n<li>Krist\u00edna Malinovsk\u00e1, Comenius University in Bratislava, Slovakia<\/li>\n\n\n\n<li>Jaakko Peltonen, Tampere University, Finland<\/li>\n\n\n\n<li>Brigitte Quenet, ESPCI Paris, France<\/li>\n\n\n\n<li>Roseli Wedemann, Rio de Janeiro State University, Brazil<\/li>\n\n\n\n<li>Sebastian Otte, University of L\u00fcbeck, Germ<\/li>\n<\/ul>\n\n\n\n<p><br><\/p>\n","protected":false},"excerpt":{"rendered":"<p>Local Organizing Committee Workshop, Tutorials and Special Session Chairs Proceedings Chairs Diversity &amp; Inclusion Chair Steering Committee<\/p>\n","protected":false},"author":1,"featured_media":0,"parent":263,"menu_order":0,"comment_status":"closed","ping_status":"closed","template":"","meta":{"footnotes":""},"class_list":["post-64","page","type-page","status-publish","hentry"],"_links":{"self":[{"href":"https:\/\/e-nns.org\/icann2025\/wp-json\/wp\/v2\/pages\/64","targetHints":{"allow":["GET"]}}],"collection":[{"href":"https:\/\/e-nns.org\/icann2025\/wp-json\/wp\/v2\/pages"}],"about":[{"href":"https:\/\/e-nns.org\/icann2025\/wp-json\/wp\/v2\/types\/page"}],"author":[{"embeddable":true,"href":"https:\/\/e-nns.org\/icann2025\/wp-json\/wp\/v2\/users\/1"}],"replies":[{"embeddable":true,"href":"https:\/\/e-nns.org\/icann2025\/wp-json\/wp\/v2\/comments?post=64"}],"version-history":[{"count":24,"href":"https:\/\/e-nns.org\/icann2025\/wp-json\/wp\/v2\/pages\/64\/revisions"}],"predecessor-version":[{"id":4805,"href":"https:\/\/e-nns.org\/icann2025\/wp-json\/wp\/v2\/pages\/64\/revisions\/4805"}],"up":[{"embeddable":true,"href":"https:\/\/e-nns.org\/icann2025\/wp-json\/wp\/v2\/pages\/263"}],"wp:attachment":[{"href":"https:\/\/e-nns.org\/icann2025\/wp-json\/wp\/v2\/media?parent=64"}],"curies":[{"name":"wp","href":"https:\/\/api.w.org\/{rel}","templated":true}]}}