{"id":4595,"date":"2025-03-14T18:35:31","date_gmt":"2025-03-14T18:35:31","guid":{"rendered":"https:\/\/e-nns.org\/icann2025\/?page_id=4595"},"modified":"2025-09-14T16:10:37","modified_gmt":"2025-09-14T16:10:37","slug":"special-session-on-neurorobotics","status":"publish","type":"page","link":"https:\/\/e-nns.org\/icann2025\/special-session-on-neurorobotics\/","title":{"rendered":"Special Session on Neurorobotics"},"content":{"rendered":"\n<figure class=\"wp-block-image size-large is-resized\"><img loading=\"lazy\" decoding=\"async\" width=\"1024\" height=\"321\" src=\"https:\/\/e-nns.org\/icann2025\/wp-content\/uploads\/sites\/13\/2025\/09\/neurorob-eyecatcher2-1024x321.png\" alt=\"\" class=\"wp-image-4873\" style=\"width:581px;height:auto\" srcset=\"https:\/\/e-nns.org\/icann2025\/wp-content\/uploads\/sites\/13\/2025\/09\/neurorob-eyecatcher2-1024x321.png 1024w, https:\/\/e-nns.org\/icann2025\/wp-content\/uploads\/sites\/13\/2025\/09\/neurorob-eyecatcher2-300x94.png 300w, https:\/\/e-nns.org\/icann2025\/wp-content\/uploads\/sites\/13\/2025\/09\/neurorob-eyecatcher2-768x241.png 768w, https:\/\/e-nns.org\/icann2025\/wp-content\/uploads\/sites\/13\/2025\/09\/neurorob-eyecatcher2-1200x376.png 1200w, https:\/\/e-nns.org\/icann2025\/wp-content\/uploads\/sites\/13\/2025\/09\/neurorob-eyecatcher2.png 1429w\" sizes=\"auto, (max-width: 709px) 85vw, (max-width: 909px) 67vw, (max-width: 1362px) 62vw, 840px\" \/><\/figure>\n\n\n\n<h2 class=\"wp-block-heading\"><strong>10:00 &#8211; 15:00 in A-205 auditorium<\/strong><\/h2>\n\n\n\n<p><strong>Address:<\/strong> Lithuanian University of Health Sciences, Sukil\u0117li\u0173 str. 13, Kaunas, Lithuania, <a href=\"https:\/\/maps.app.goo.gl\/kv2KGQPMfoo2uy8TA\">https:\/\/maps.app.goo.gl\/kv2KGQPMfoo2uy8TA<\/a>&nbsp;<\/p>\n\n\n\n<p><strong>Connection via MS Teams: <a href=\"https:\/\/msteams.link\/ZBW4\">https:\/\/msteams.link\/ZBW4<\/a><\/strong><\/p>\n\n\n\n<h3 class=\"wp-block-heading\">Session Schedule<\/h3>\n\n\n\n<figure class=\"wp-block-table\"><table class=\"has-fixed-layout\"><thead><tr><th>Time<\/th><th>Title<\/th><th>Speaker(s)<\/th><\/tr><\/thead><tbody><tr><td>10:00<\/td><td>Opening words<\/td><td>Stefan Wermter (University of Hamburg) and Igor Farka\u0161 (Comenius University Bratislava)<\/td><\/tr><tr><td>10:15<\/td><td>Three years of TERAIS project: research outcomes and reflection<\/td><td>Krist\u00edna Malinovsk\u00e1 (Comenius University Bratislava) and Igor Farka\u0161 (Comenius University Bratislava)<\/td><\/tr><tr><td>11:00<\/td><td>Generating and Customizing Robotic Arm Trajectories using Neural Networks<\/td><td>Andrej L\u00fa\u010dny (Comenius University Bratislava)<\/td><\/tr><tr><td>11:20<\/td><td>Robotic Calibration Based on Haptic Feedback Improves Sim-to-Real Transfer<\/td><td>Igor Farka\u0161 (Comenius University Bratislava)<\/td><\/tr><tr><td>11:40<\/td><td>Shaken, Not Stirred: A Novel Dataset for Visual Understanding of Glasses in Human-Robot Bartending Tasks<\/td><td>Jan-Gerrit Habekost (University of Hamburg)<em><br><\/em><\/td><\/tr><tr><td>12:00<\/td><td>Lunch break<\/td><td><\/td><\/tr><tr><td>13:00<\/td><td>Pointing-Guided Target Estimation via Transformer-Based Attention<\/td><td>Luca M\u00fcller (University of Hamburg)<\/td><\/tr><tr><td>13:20<\/td><td>Keypoint-based Diffusion for Robotic Motion Planning on the NICOL Robot<\/td><td>Lennart Clasmeier (University of Hamburg)<\/td><\/tr><tr><td>13:40<\/td><td>Real-Time Syllable Recognition in LIBRAS Using Deep Learning for Human-Robot Interaction<\/td><td>Joelmir Ramos (Federal University of Rio de Janeiro)<\/td><\/tr><tr><td>14:00<\/td><td>Towards Bio-Inspired Robotic Trajectory Planning via Self-Supervised RNN<\/td><td>Miroslav Cibula (Comenius University Bratislava)<\/td><\/tr><tr><td>14:20<\/td><td>Closing and discussion<\/td><td>Krist\u00edna Malinovsk\u00e1 (Comenius University Bratislava)<\/td><\/tr><\/tbody><\/table><\/figure>\n\n\n\n<h3 class=\"wp-block-heading\">About the session<\/h3>\n\n\n\n<p>Neurorobotics brings together interdisciplinary research in machine learning, robotics and bio-inspired artificial intelligence, most prominently using artificial neural networks. Following the understanding by building methodology, cognitive robotics employs neural models in robots that interact with and learn from complex and multimodal environments thus gaining their cognitive abilities. In connection with HRI, cognitive modeling represents a way to make robots more considerate and aware of people as well as make their behavior more legible and explainable and make interaction with robots smoother and more efficient promoting advances in HRI. After two successful Neurorobotics special session in ICANN 2023 and 2024 we are announcing the third edition of this session organized under the Horizon Europe project TERAIS. We want to bring together researchers with diverse backgrounds and expertise to promote collaboration and knowledge sharing in the field of neurorobotics, cognitive robotics and human-robot interaction.<\/p>\n\n\n\n<p><strong>SPECIAL SESSION TOPICS<\/strong><\/p>\n\n\n\n<p>\u2022 Neural control and learning in robotics<br>\u2022 Cognitive architectures for robots<br>\u2022 Bio-inspired and developmental robotics<br>\u2022 Human-robot interaction and collaboration<br>\u2022 Trustworthy, human-aware and explainable robots<br>\u2022 Computational models for robotic applications<\/p>\n\n\n\n<p><strong>IMPORTANT DATES<\/strong><\/p>\n\n\n\n<p>\u2022 Paper submission deadline: <s>April 30, 2025<\/s> May 15, 2025<br>\u2022 Notification of acceptance\/rebuttal: June 8, 2025<br>\u2022 Camera-ready paper upload: June 21, 2025<br>\u2022 Conference dates: September 9-12, 2025<\/p>\n\n\n\n<p><strong>ORGANIZERS<\/strong><\/p>\n\n\n\n<p>\u2022 Dr. Krist\u00edna Malinovsk\u00e1, Comenius University Bratislava (kristina.malinovska(at)fmph.uniba.sk)<br>\u2022 Dr. Matthias Kerzel, University of Hamburg<br>\u2022 Prof. Dr. Stefan Wermter, University of Hamburg<br>\u2022 Prof. Dr. Igor Farka\u0161, Comenius University Bratislava<br>\u2022 Dr. Andrej L\u00fa\u010dny, Comenius University Bratislava<br>\u2022 Miroslav Cibula, Comenius University Bratislava<br>\u2022 Hassan Ali, University of Hamburg<br>\u2022 Jan-Gerrit Habekost, University of Hamburg<br>\u2022 Dr. Omar Eldardeer, Istituto italiano di tecnologia<\/p>\n\n\n\n<p><strong>CALL IN PDF<\/strong><\/p>\n\n\n\n<p>download here: <a href=\"https:\/\/e-nns.org\/icann2025\/wp-content\/uploads\/sites\/13\/2025\/04\/ICANN2025-Neurorob-CfP.pdf\" data-type=\"link\" data-id=\"https:\/\/e-nns.org\/icann2025\/wp-content\/uploads\/sites\/13\/2025\/04\/ICANN2025-Neurorob-CfP.pdf\"><strong>ICANN2025-Neurorob-CfP.pdf<\/strong><\/a><\/p>\n\n\n\n<p><\/p>\n","protected":false},"excerpt":{"rendered":"<p>10:00 &#8211; 15:00 in A-205 auditorium Address: Lithuanian University of Health Sciences, Sukil\u0117li\u0173 str. 13, Kaunas, Lithuania, https:\/\/maps.app.goo.gl\/kv2KGQPMfoo2uy8TA&nbsp; Connection via MS Teams: https:\/\/msteams.link\/ZBW4 Session Schedule Time Title Speaker(s) 10:00 Opening words Stefan Wermter (University of Hamburg) and Igor Farka\u0161 (Comenius University Bratislava) 10:15 Three years of TERAIS project: research outcomes and reflection Krist\u00edna Malinovsk\u00e1 (Comenius &hellip; <a href=\"https:\/\/e-nns.org\/icann2025\/special-session-on-neurorobotics\/\" class=\"more-link\">Continue reading<span class=\"screen-reader-text\"> &#8220;Special Session on Neurorobotics&#8221;<\/span><\/a><\/p>\n","protected":false},"author":682,"featured_media":0,"parent":0,"menu_order":0,"comment_status":"closed","ping_status":"closed","template":"","meta":{"footnotes":""},"class_list":["post-4595","page","type-page","status-publish","hentry"],"_links":{"self":[{"href":"https:\/\/e-nns.org\/icann2025\/wp-json\/wp\/v2\/pages\/4595","targetHints":{"allow":["GET"]}}],"collection":[{"href":"https:\/\/e-nns.org\/icann2025\/wp-json\/wp\/v2\/pages"}],"about":[{"href":"https:\/\/e-nns.org\/icann2025\/wp-json\/wp\/v2\/types\/page"}],"author":[{"embeddable":true,"href":"https:\/\/e-nns.org\/icann2025\/wp-json\/wp\/v2\/users\/682"}],"replies":[{"embeddable":true,"href":"https:\/\/e-nns.org\/icann2025\/wp-json\/wp\/v2\/comments?post=4595"}],"version-history":[{"count":13,"href":"https:\/\/e-nns.org\/icann2025\/wp-json\/wp\/v2\/pages\/4595\/revisions"}],"predecessor-version":[{"id":4883,"href":"https:\/\/e-nns.org\/icann2025\/wp-json\/wp\/v2\/pages\/4595\/revisions\/4883"}],"wp:attachment":[{"href":"https:\/\/e-nns.org\/icann2025\/wp-json\/wp\/v2\/media?parent=4595"}],"curies":[{"name":"wp","href":"https:\/\/api.w.org\/{rel}","templated":true}]}}