{"id":4536,"date":"2025-02-19T18:33:05","date_gmt":"2025-02-19T18:33:05","guid":{"rendered":"https:\/\/e-nns.org\/icann2025\/?page_id=4536"},"modified":"2025-02-19T18:36:50","modified_gmt":"2025-02-19T18:36:50","slug":"public-transport","status":"publish","type":"page","link":"https:\/\/e-nns.org\/icann2025\/public-transport\/","title":{"rendered":"Public transport"},"content":{"rendered":"\n<figure class=\"wp-block-image\"><img decoding=\"async\" src=\"https:\/\/visit.kaunas.lt\/assets\/Products\/797\/_resampled\/FillWyIxMDUwIiwiNTI1Il0\/Kaunas-transportas-Aleksandravicius.jpg\" alt=\"Kaunas transportas Aleksandravicius\" \/><\/figure>\n\n\n\n<p><strong>KAUNAS PUBLIC TRANSPORT:<\/strong>&nbsp;a&nbsp;comprehensive network of buses and trolleybuses is at your service in Kaunas. Two types of tickets are available: a&nbsp; single use paper ticket and E-ticket (monthly,&nbsp;92-day pass,&nbsp; 365-day pass or 1095-day pass). Trolleybuses and buses run from 4.30 a.m. until 10.30 p.m.&nbsp;Payments for Kaunas city public transport are made with the help of non-contact electronic ticket (CARD) system. You may transfer different sums of money from your e-purse onto the CARD &nbsp;and\/or pay for certain kinds of e-ticket&nbsp; periodically. You may&nbsp;<a href=\"https:\/\/www.kvt.lt\/en\/tickets\/kaunas-card\/\">buy<\/a>&nbsp;the CARD&nbsp;at the newspaper stands or&nbsp;in the places marked by the special sign \u201cKauno Vie\u0161asis Transportas\u201d (KVT) (Kaunas Public Transport). You must always have your card when getting on the means of transport.&nbsp;You may check Kaunas public transport routes and schedules on the website&nbsp;<a href=\"http:\/\/www.stops.lt\/kaunas\/#kaunas\/en\" target=\"_blank\" rel=\"noreferrer noopener\">www.stops.lt\/kaunas<\/a><\/p>\n\n\n\n<p>Download the&nbsp;<a href=\"https:\/\/www.trafi.com\/\" target=\"_blank\" rel=\"noreferrer noopener\">Trafi<\/a>&nbsp;app for real-time traffic and timetables and&nbsp;<a href=\"https:\/\/play.google.com\/store\/apps\/details?id=com.kvt.ziogas&amp;hl=en\" target=\"_blank\" rel=\"noreferrer noopener\">\u017diogas<\/a>&nbsp;app for purchasing (cheaper) tickets. The latter is super-fast and convenient!<\/p>\n\n\n\n<p>Kaunas city public transport service centre&nbsp;is located at Laisv\u0117s al. 114, Kaunas (opposite the E. O\u017ee\u0161kien\u0117 st. stop)<\/p>\n\n\n\n<p>Opening hours: Mon-Fri 7.30am-6.30pm. (without a lunch break, an hour shorter on the eve of holidays).<\/p>\n\n\n\n<figure class=\"wp-block-image size-full\"><img loading=\"lazy\" decoding=\"async\" width=\"665\" height=\"190\" src=\"https:\/\/e-nns.org\/icann2025\/wp-content\/uploads\/sites\/13\/2025\/02\/image-1.png\" alt=\"\" class=\"wp-image-4537\" title=\"\" srcset=\"https:\/\/e-nns.org\/icann2025\/wp-content\/uploads\/sites\/13\/2025\/02\/image-1.png 665w, https:\/\/e-nns.org\/icann2025\/wp-content\/uploads\/sites\/13\/2025\/02\/image-1-300x86.png 300w\" sizes=\"auto, (max-width: 665px) 85vw, 665px\" \/><\/figure>\n\n\n\n<p><strong>BUS TO THE AIRPORT:&nbsp;<\/strong>Kaunas International Airport (Karmelava) \u2013 is located 15 km northeast of Kaunas city.&nbsp;Bus No. 29 regularly runs from the airport terminal to the city centre. If you come to Kaunas late in the evening, for your convenience the bus No. 29 will wait for you and take you to Kaunas. Every day the bus from Kaunas Airport only leaves after the last plane lands.&nbsp;Useful information: please buy a ticket from the driver immediately after boarding the vehicle. Please be prepared to pay the exact amount of money \u2013&nbsp;1 Eur. Paper tickets purchased from the driver must not be validated using ticket punchers. You can find bus No. 29&nbsp;<a href=\"https:\/\/www.stops.lt\/kaunas\/#bus\/29g\/a-b\/734\/en\">routes and timetables.<\/a><\/p>\n\n\n\n<figure class=\"wp-block-image size-large\"><img loading=\"lazy\" decoding=\"async\" width=\"1024\" height=\"1024\" src=\"https:\/\/e-nns.org\/icann2025\/wp-content\/uploads\/sites\/13\/2025\/02\/image-2-1024x1024.png\" alt=\"\" class=\"wp-image-4538\" title=\"\" srcset=\"https:\/\/e-nns.org\/icann2025\/wp-content\/uploads\/sites\/13\/2025\/02\/image-2-1024x1024.png 1024w, https:\/\/e-nns.org\/icann2025\/wp-content\/uploads\/sites\/13\/2025\/02\/image-2-300x300.png 300w, https:\/\/e-nns.org\/icann2025\/wp-content\/uploads\/sites\/13\/2025\/02\/image-2-150x150.png 150w, https:\/\/e-nns.org\/icann2025\/wp-content\/uploads\/sites\/13\/2025\/02\/image-2-768x768.png 768w, https:\/\/e-nns.org\/icann2025\/wp-content\/uploads\/sites\/13\/2025\/02\/image-2-700x700.png 700w, https:\/\/e-nns.org\/icann2025\/wp-content\/uploads\/sites\/13\/2025\/02\/image-2.png 1039w\" sizes=\"auto, (max-width: 709px) 85vw, (max-width: 909px) 67vw, (max-width: 1362px) 62vw, 840px\" \/><\/figure>\n\n\n\n<p>Taxis at the airport are available and the price to the city centre is about 20-25 EUR. Taxis can be found and hired directly from outside the airport terminal building.&nbsp;<\/p>\n\n\n\n<p><strong>TAXI:<\/strong>&nbsp;can be hailed on the streets, called by phone or using a mobile App.&nbsp;<\/p>\n\n\n\n<figure class=\"wp-block-image\"><img decoding=\"async\" src=\"https:\/\/visit.kaunas.lt\/assets\/Uploads\/_resampled\/ResizedImageWzg2NSw1MTJd\/Bolt-Kaunas-promo-code3.JPG\" alt=\"Bolt Kaunas promo code3\" title=\"\" \/><\/figure>\n\n\n\n<p>These are the key tips for navigating the city with ease. For a variety of additional convenient transportation options to Kaunas and for exploring the city, please refer to the&nbsp;<a href=\"https:\/\/www.visit.kaunas.lt\/en\/plan\/transport\/atvykimas-i-kauna\/\" target=\"_blank\" rel=\"noreferrer noopener\">Arrival to Kaunas&nbsp;<\/a>section.<\/p>\n\n\n\n<p>Information is based on Kaunas Inn: <a href=\"https:\/\/visit.kaunas.lt\/en\/plan\/transport\/public-transport\/\">https:\/\/visit.kaunas.lt\/en\/plan\/transport\/public-transport\/<\/a><\/p>\n","protected":false},"excerpt":{"rendered":"<p>KAUNAS PUBLIC TRANSPORT:&nbsp;a&nbsp;comprehensive network of buses and trolleybuses is at your service in Kaunas. Two types of tickets are available: a&nbsp; single use paper ticket and E-ticket (monthly,&nbsp;92-day pass,&nbsp; 365-day pass or 1095-day pass). Trolleybuses and buses run from 4.30 a.m. until 10.30 p.m.&nbsp;Payments for Kaunas city public transport are made with the help of &hellip; <a href=\"https:\/\/e-nns.org\/icann2025\/public-transport\/\" class=\"more-link\">Continue reading<span class=\"screen-reader-text\"> &#8220;Public transport&#8221;<\/span><\/a><\/p>\n","protected":false},"author":1127,"featured_media":0,"parent":0,"menu_order":0,"comment_status":"closed","ping_status":"closed","template":"","meta":{"footnotes":""},"class_list":["post-4536","page","type-page","status-publish","hentry"],"_links":{"self":[{"href":"https:\/\/e-nns.org\/icann2025\/wp-json\/wp\/v2\/pages\/4536","targetHints":{"allow":["GET"]}}],"collection":[{"href":"https:\/\/e-nns.org\/icann2025\/wp-json\/wp\/v2\/pages"}],"about":[{"href":"https:\/\/e-nns.org\/icann2025\/wp-json\/wp\/v2\/types\/page"}],"author":[{"embeddable":true,"href":"https:\/\/e-nns.org\/icann2025\/wp-json\/wp\/v2\/users\/1127"}],"replies":[{"embeddable":true,"href":"https:\/\/e-nns.org\/icann2025\/wp-json\/wp\/v2\/comments?post=4536"}],"version-history":[{"count":2,"href":"https:\/\/e-nns.org\/icann2025\/wp-json\/wp\/v2\/pages\/4536\/revisions"}],"predecessor-version":[{"id":4543,"href":"https:\/\/e-nns.org\/icann2025\/wp-json\/wp\/v2\/pages\/4536\/revisions\/4543"}],"wp:attachment":[{"href":"https:\/\/e-nns.org\/icann2025\/wp-json\/wp\/v2\/media?parent=4536"}],"curies":[{"name":"wp","href":"https:\/\/api.w.org\/{rel}","templated":true}]}}