{"id":2327,"date":"2023-11-28T19:00:01","date_gmt":"2023-11-28T19:00:01","guid":{"rendered":"http:\/\/nhrg02n.unil.ch\/icann2016.org\/public_html\/?page_id=2"},"modified":"2025-06-23T07:41:14","modified_gmt":"2025-06-23T07:41:14","slug":"sample-page-2","status":"publish","type":"page","link":"https:\/\/e-nns.org\/icann2025\/","title":{"rendered":"Welcome to ICANN 2025"},"content":{"rendered":"<div class=\"wp-block-image\">\n<figure class=\"alignleft size-full is-resized\"><img loading=\"lazy\" decoding=\"async\" width=\"150\" height=\"150\" src=\"https:\/\/e-nns.org\/icann2025\/wp-content\/uploads\/sites\/13\/2022\/12\/enns-150x150-1.png\" alt=\"\" class=\"wp-image-2762\" style=\"width:108px;height:108px\" \/><\/figure><\/div>\n\n\n\n\n<p class=\"has-text-align-left\"><\/p>\n\n\n\n<p>The 34th International Conference on <a href=\"https:\/\/e-nns.org\/\">Artificial Neural Networks<\/a> ICANN 2025 is one of the premier conferences in the field of artificial intelligence, neural networks, neuroscience and brain-inspired computing in Europe, organized in collaboration with the European Neural Network Society ENNS. In 2025, the ICANN will take place in Kaunas, Lithuania.<\/p>\n\n\n\n<figure class=\"wp-block-embed is-type-video is-provider-youtube wp-block-embed-youtube wp-embed-aspect-16-9 wp-has-aspect-ratio\"><div class=\"wp-block-embed__wrapper\">\n<iframe loading=\"lazy\" title=\"34th International Conference on Artificial Neural Networks\" width=\"840\" height=\"473\" src=\"https:\/\/www.youtube.com\/embed\/Bm1J2yn_S_8?feature=oembed\" frameborder=\"0\" allow=\"accelerometer; autoplay; clipboard-write; encrypted-media; gyroscope; picture-in-picture; web-share\" referrerpolicy=\"strict-origin-when-cross-origin\" allowfullscreen><\/iframe>\n<\/div><\/figure>\n\n\n\n<p><strong>Conference Dates:&nbsp;<\/strong>September 9 to September 12, 2025<br><strong>Conference Venue:&nbsp;<\/strong>Campus of Vytautas Magnus University and Lithuanian University of Health Sciences, Kaunas, Lithuania<br><strong>Conference Webpage:<\/strong>&nbsp;<a href=\"https:\/\/icann2025.org\/\" target=\"_blank\" rel=\"noreferrer noopener\">e-nns.org\/icann2025<\/a>.<br><\/p>\n\n\n\n<p>General Chairs:&nbsp;<\/p>\n\n\n\n<p>Yoshua Bengio&nbsp;(Universit\u00e9 de Montr\u00e9al, Canada)&nbsp;<br>Viktor Jirsa&nbsp;(Aix-Marseille Universit\u00e9, France; EBRAINS)<\/p>\n\n\n\n<p>Prof. Yoshua Bengio is a Turing Award laureate and is globally recognized as a pioneer of deep learning and artificial neural networks, driving groundbreaking advancements in artificial intelligence.<\/p>\n\n\n\n<p>Prof. Viktor Jirsa is renowned for his work in theoretical neuroscience and Virtual Brain Twins, serving as Chief Science Officer of EBRAINS, Europe\u2019s research infrastructure in digital neuroscience.<\/p>\n\n\n\n<p>With the exceptional leadership and expertise of the Chairs, ICANN 2025 promises to be a transformative event with the dual track of Artificial Intelligence &amp; Deep Learning and Neuroscience.<\/p>\n\n\n\n<p>The ICANN attracts a global audience of researchers, practitioners &amp; industry experts and provides a forum for the presentation of cutting-edge research papers and invited keynote talks by leading experts. It includes workshops and tutorials, as well as engaging demo sessions. In 2025, ICANN will continue its proud tradition of being a dynamic and interactive conference, fostering collaboration across academia and industry.<br><\/p>\n\n\n\n<hr class=\"wp-block-separator has-css-opacity\" \/>\n\n\n<div class=\"wp-block-image\">\n<figure class=\"alignleft size-full is-resized\"><img loading=\"lazy\" decoding=\"async\" width=\"300\" height=\"111\" src=\"https:\/\/e-nns.org\/icann2025\/wp-content\/uploads\/sites\/13\/2022\/12\/LNCS-Logo-300x111-1.jpg\" alt=\"\" class=\"wp-image-2763\" style=\"width:198px;height:72px\" \/><\/figure><\/div>\n\n\n<p>Conference proceedings are published by Springer in Lecture Notes in Computer Science.<\/p>\n\n\n\n<div style=\"height:20px\" aria-hidden=\"true\" class=\"wp-block-spacer\"><\/div>\n\n\n\n<h3 class=\"wp-block-heading\"><\/h3>\n\n\n\n\n\n\n<hr class=\"wp-block-separator has-css-opacity\" \/>\n\n\n\n<h3 class=\"wp-block-heading\">Contact<\/h3>\n\n\n\n<p>For all questions regarding the ICANN 2025, send an email to<a href=\"mailto:info@icann2024.org\"> <\/a><br><a href=\"mailto:icann-2025-organizers@googlegroups.com\">icann-2025-organizers@googlegroups.com<\/a>.<\/p>\n\n\n\n<hr class=\"wp-block-separator has-css-opacity\" \/>\n\n\n\n<p>Main original photo: <strong>A. Aleksandravi\u010dius, Kaunas IN<\/strong><\/p>\n","protected":false},"excerpt":{"rendered":"<p>The 34th International Conference on Artificial Neural Networks ICANN 2025 is one of the premier conferences in the field of artificial intelligence, neural networks, neuroscience and brain-inspired computing in Europe, organized in collaboration with the European Neural Network Society ENNS. In 2025, the ICANN will take place in Kaunas, Lithuania. Conference Dates:&nbsp;September 9 to September &hellip; <a href=\"https:\/\/e-nns.org\/icann2025\/\" class=\"more-link\">Continue reading<span class=\"screen-reader-text\"> &#8220;Welcome to ICANN 2025&#8221;<\/span><\/a><\/p>\n","protected":false},"author":1,"featured_media":0,"parent":0,"menu_order":0,"comment_status":"closed","ping_status":"closed","template":"","meta":{"footnotes":""},"class_list":["post-2327","page","type-page","status-publish","hentry"],"_links":{"self":[{"href":"https:\/\/e-nns.org\/icann2025\/wp-json\/wp\/v2\/pages\/2327","targetHints":{"allow":["GET"]}}],"collection":[{"href":"https:\/\/e-nns.org\/icann2025\/wp-json\/wp\/v2\/pages"}],"about":[{"href":"https:\/\/e-nns.org\/icann2025\/wp-json\/wp\/v2\/types\/page"}],"author":[{"embeddable":true,"href":"https:\/\/e-nns.org\/icann2025\/wp-json\/wp\/v2\/users\/1"}],"replies":[{"embeddable":true,"href":"https:\/\/e-nns.org\/icann2025\/wp-json\/wp\/v2\/comments?post=2327"}],"version-history":[{"count":40,"href":"https:\/\/e-nns.org\/icann2025\/wp-json\/wp\/v2\/pages\/2327\/revisions"}],"predecessor-version":[{"id":4763,"href":"https:\/\/e-nns.org\/icann2025\/wp-json\/wp\/v2\/pages\/2327\/revisions\/4763"}],"wp:attachment":[{"href":"https:\/\/e-nns.org\/icann2025\/wp-json\/wp\/v2\/media?parent=2327"}],"curies":[{"name":"wp","href":"https:\/\/api.w.org\/{rel}","templated":true}]}}