{"id":3524,"date":"2024-04-08T21:04:43","date_gmt":"2024-04-08T21:04:43","guid":{"rendered":"https:\/\/e-nns.org\/icann2024\/?page_id=3524"},"modified":"2024-04-08T21:16:51","modified_gmt":"2024-04-08T21:16:51","slug":"program-committee","status":"publish","type":"page","link":"https:\/\/e-nns.org\/icann2024\/organization\/program-committee\/","title":{"rendered":"Program committee"},"content":{"rendered":"\n<p class=\"has-medium-font-size\"><strong>General Chairs<\/strong><\/p>\n\n\n\n<ul class=\"wp-block-list\">\n<li>J\u00fcrgen Schmidhuber, IDSIA USI-SUPSI, Switzerland and KAUST, Saudi-Arabia<\/li>\n\n\n\n<li>Igor Tetko, HGMU, Germany<\/li>\n<\/ul>\n\n\n\n<p class=\"has-medium-font-size\"><strong>Program Chairs<\/strong><\/p>\n\n\n\n<ul class=\"wp-block-list\">\n<li>Michael Wand, IDSIA USI-SUPSI, Switzerland and MeDiTech, SUPSI, Switzerland<\/li>\n\n\n\n<li>Krist\u00edna Malinovsk\u00e1, Comenius University Bratislava, Slovakia<\/li>\n<\/ul>\n\n\n\n<p class=\"has-medium-font-size\"><strong>Honorary Chair<\/strong><\/p>\n\n\n\n<ul class=\"wp-block-list\">\n<li>Stefan Wermter, University of Hamburg, Germany<\/li>\n<\/ul>\n\n\n\n<h3 class=\"wp-block-heading\"><strong>Research Area Chairs<\/strong><\/h3>\n\n\n\n<p><strong>Theory and Foundations of Neural Networks; Novel Neural Network Architectures; <\/strong><br><strong>Topics in Neural Networks<\/strong><\/p>\n\n\n\n<ul class=\"wp-block-list\">\n<li>Igor Farkas, Comenius University Bratislava, Slovakia<\/li>\n\n\n\n<li>Yibo Yang, KAUST, Saudi-Arabia<\/li>\n\n\n\n<li>Anthony Cioppa, University of Li\u00e8ge, Belgium<\/li>\n\n\n\n<li>Marco Forgione, IDSIA USI-SUPSI, Switzerland<\/li>\n\n\n\n<li>Gabriela Andrejkov\u00e1, Pavol Jozef \u0160af\u00e1rik University in Ko\u0161ice, Slovakia<\/li>\n<\/ul>\n\n\n\n<p><strong>Large Language Models<\/strong><\/p>\n\n\n\n<ul class=\"wp-block-list\">\n<li>Kevin Jablonka, Friedrich Schiller University Jena, Germany<\/li>\n<\/ul>\n\n\n\n<p><strong>Explainable AI<\/strong><\/p>\n\n\n\n<ul class=\"wp-block-list\">\n<li>Alessandro Facchini, IDSIA USI-SUPSI, Switzerland<\/li>\n\n\n\n<li>Alessando Antonucci, IDSIA USI-SUPSI, Switzerland<\/li>\n<\/ul>\n\n\n\n<p><strong>Graph Methods, Graph NNs, Clustering<\/strong><\/p>\n\n\n\n<ul class=\"wp-block-list\">\n<li>Alessio Micheli, University of Pisa<\/li>\n\n\n\n<li>Davide Bacciu, University of Pisa<\/li>\n<\/ul>\n\n\n\n<p><strong>Reinforcement Learning<\/strong><\/p>\n\n\n\n<ul class=\"wp-block-list\">\n<li>Oleg Szehr, IDSIA USI-SUPSI, Switzerland<\/li>\n\n\n\n<li>Marcello Restelli, Polytechnic University of Milan, Italy<\/li>\n<\/ul>\n\n\n\n<p><strong>Topics in AI and ML<\/strong><\/p>\n\n\n\n<ul class=\"wp-block-list\">\n<li>Michela Papandrea, IDSIA USI-SUPSI, Switzerland<\/li>\n\n\n\n<li>Rafael Caba\u00f1as de Paz, University of Almer\u00eda, Spain<\/li>\n<\/ul>\n\n\n\n<p><strong>Brain-Inspired Computing; Cognitive and Computational Neuroscience<\/strong><\/p>\n\n\n\n<ul class=\"wp-block-list\">\n<li>Ausra Saudargiene, Lithuanian University of Health Sciences, Lithuania<\/li>\n\n\n\n<li>Brigitte Quenet, ESPCI Paris PSL, France<\/li>\n<\/ul>\n\n\n\n<p><strong>Human-Computer Interaction<\/strong><\/p>\n\n\n\n<ul class=\"wp-block-list\">\n<li>Felix Putze, University of Bremen, Germany<\/li>\n<\/ul>\n\n\n\n<p><strong>Biosignal Processing, Medicine &amp; Physiology<\/strong><\/p>\n\n\n\n<ul class=\"wp-block-list\">\n<li>Francesca Faraci, IDSIA USI-SUPSI, Switzerland<\/li>\n<\/ul>\n\n\n\n<p><strong>Speech and Language Processing<\/strong><\/p>\n\n\n\n<ul class=\"wp-block-list\">\n<li>Fabio Rinaldi, IDSIA USI-SUPSI, Switzerland<\/li>\n\n\n\n<li>Thang Vu, University of Stuttgart, Germany<\/li>\n<\/ul>\n\n\n\n<p><strong>Computer Vision<\/strong><\/p>\n\n\n\n<ul class=\"wp-block-list\">\n<li>Silvio Giancola, KAUST, Saudi-Arabia<\/li>\n\n\n\n<li>Chen Zhao, KAUST, Saudi-Arabia<\/li>\n\n\n\n<li>Zuzana \u010cernekov\u00e1, Comenius University Bratislava, Slovakia<\/li>\n<\/ul>\n\n\n\n<p><strong>Robotics<\/strong><\/p>\n\n\n\n<ul class=\"wp-block-list\">\n<li>Mihai Andries, IMT Atlantique, France<\/li>\n\n\n\n<li>Daniele Palossi, IDSIA USI-SUPSI, Switzerland<\/li>\n<\/ul>\n\n\n\n<p><strong>Climate and Environment<\/strong><\/p>\n\n\n\n<ul class=\"wp-block-list\">\n<li>Matthias Karlbauer, University of T\u00fcbingen, Germany<\/li>\n<\/ul>\n\n\n\n<p><strong>General Applications of ML<\/strong><\/p>\n\n\n\n<ul class=\"wp-block-list\">\n<li>Hui Liu, University of Bremen, Germany<\/li>\n<\/ul>\n","protected":false},"excerpt":{"rendered":"<p>General Chairs Program Chairs Honorary Chair Research Area Chairs Theory and Foundations of Neural Networks; Novel Neural Network Architectures; Topics in Neural Networks Large Language Models Explainable AI Graph Methods, Graph NNs, Clustering Reinforcement Learning Topics in AI and ML Brain-Inspired Computing; Cognitive and Computational Neuroscience Human-Computer Interaction Biosignal Processing, Medicine &amp; Physiology Speech and &hellip; <a href=\"https:\/\/e-nns.org\/icann2024\/organization\/program-committee\/\" class=\"more-link\">Continue reading<span class=\"screen-reader-text\"> &#8220;Program committee&#8221;<\/span><\/a><\/p>\n","protected":false},"author":682,"featured_media":0,"parent":263,"menu_order":0,"comment_status":"closed","ping_status":"closed","template":"","meta":{"footnotes":""},"class_list":["post-3524","page","type-page","status-publish","hentry"],"_links":{"self":[{"href":"https:\/\/e-nns.org\/icann2024\/wp-json\/wp\/v2\/pages\/3524","targetHints":{"allow":["GET"]}}],"collection":[{"href":"https:\/\/e-nns.org\/icann2024\/wp-json\/wp\/v2\/pages"}],"about":[{"href":"https:\/\/e-nns.org\/icann2024\/wp-json\/wp\/v2\/types\/page"}],"author":[{"embeddable":true,"href":"https:\/\/e-nns.org\/icann2024\/wp-json\/wp\/v2\/users\/682"}],"replies":[{"embeddable":true,"href":"https:\/\/e-nns.org\/icann2024\/wp-json\/wp\/v2\/comments?post=3524"}],"version-history":[{"count":7,"href":"https:\/\/e-nns.org\/icann2024\/wp-json\/wp\/v2\/pages\/3524\/revisions"}],"predecessor-version":[{"id":3534,"href":"https:\/\/e-nns.org\/icann2024\/wp-json\/wp\/v2\/pages\/3524\/revisions\/3534"}],"up":[{"embeddable":true,"href":"https:\/\/e-nns.org\/icann2024\/wp-json\/wp\/v2\/pages\/263"}],"wp:attachment":[{"href":"https:\/\/e-nns.org\/icann2024\/wp-json\/wp\/v2\/media?parent=3524"}],"curies":[{"name":"wp","href":"https:\/\/api.w.org\/{rel}","templated":true}]}}