{"id":329,"date":"2015-12-17T10:43:09","date_gmt":"2015-12-17T08:43:09","guid":{"rendered":"http:\/\/icann2016.org\/?page_id=329"},"modified":"2024-03-01T10:09:44","modified_gmt":"2024-03-01T10:09:44","slug":"call-for-papers-2","status":"publish","type":"page","link":"https:\/\/e-nns.org\/icann2024\/call-for-papers-2\/","title":{"rendered":"Call for Papers"},"content":{"rendered":"\n<p class=\"has-medium-font-size\"><strong>The 33rd International Conference on Artificial Neural Networks<\/strong><\/p>\n\n\n\n<hr class=\"wp-block-separator has-alpha-channel-opacity is-style-wide\"\/>\n\n\n\n<p>The International Conference on Artificial Neural Networks (ICANN) is the annual flagship conference of the <a href=\"https:\/\/e-nns.org\">European Neural Network Society (ENNS)<\/a>. In 2024, the ICANN will take place in Lugano, Switzerland.<\/p>\n\n\n\n<p><strong>Conference Dates<\/strong>: September 17 to September 20, 2024<br><strong>Conference Venue<\/strong>: Campus of the University of Southern Switzerland and the University of Applied Sciences and Arts of Southern Switzerland, Via la Santa 1, 6962 Lugano-Viganello, Switzerland.<\/p>\n\n\n\n<hr class=\"wp-block-separator has-alpha-channel-opacity is-style-wide\"\/>\n\n\n\n<p>The ICANN 2024 features three conference tracks, namely AI and Machine Learning, Bio-Inspired Computing, and the Applications Track, making it a unique forum to bring together researchers across a wide range of disciplines related to Artificial Intelligence and Neural Networks.<\/p>\n\n\n\n<p>We invite prospective authors to submit original and innovative papers in the following areas:<\/p>\n\n\n\n<p><strong>AI AND MACHINE LEARNING<\/strong><br>Theory and Foundations of Neural Networks<br>Novel Neural Network Architectures<br>Topics in Neural Networks<br>Large Language Models<br>Explainable AI<br>Graph Methods, Graph Neural Networks, and Clustering<br>Reinforcement Learning<br>Topics in Artificial Intelligence and Machine Learning<\/p>\n\n\n\n<p><strong>BIO-INSPIRED COMPUTING<\/strong><br>Brain-Inspired Computing<br>Cognitive and Theoretical\/Computational Neuroscience<\/p>\n\n\n\n<p><strong>APPLICATIONS<\/strong><br>Human-Computer Interaction<br>Biosignal Processing, Medicine and Physiology<br>Speech and Language Processing<br>Computer Vision<br>Robotics<br>Climate and Environment<br>General Applications of Machine Learning<\/p>\n\n\n\n<p><strong>WORKSHOPS<\/strong><br>AI in Drug Discovery<br>Deep Learning for Neuro-heuristic Brain Analysis<br>Reservoir Computing<br>Explainable AI in Human-Robot Interaction<\/p>\n\n\n\n<p><strong>SPECIAL SESSIONS<\/strong><br>Spiking Neural Networks and Neuromorphic Computing<br>Accuracy, Stability, and Robustness in Deep Neural Networks<br>Antifragile dynamical systems: beyond robustness, resilience, and adaptiveness<br>Neurorobotics<\/p>\n\n\n\n<p>For details and updates, as well as for the final list of workshops and special sessions, consider the current version of the list <a href=\"https:\/\/e-nns.org\/icann2024\/conference-programme\/conference-topics\/\" data-type=\"page\" data-id=\"1022\">here<\/a>.<\/p>\n\n\n\n<hr class=\"wp-block-separator has-alpha-channel-opacity is-style-wide\"\/>\n\n\n\n<p>The ICANN 2024 will be an <strong>in-person conference<\/strong>. We expect that <strong>at least one co-author of each paper will be physically present<\/strong> in Lugano to give his or her presentation. We will also enforce a no-show rule, in order to encourage an optimal quality of the scientific discussion here in Lugano.<\/p>\n\n\n\n<p>Papers must be written in English language and must conform to the format defined in the Author\u2019s Kit, available on the conference webpage at:<\/p>\n\n\n\n<p class=\"has-text-align-center\"> <a href=\"https:\/\/e-nns.org\/icann2024\/submission\">https:\/\/e-nns.org\/icann2024\/submission<\/a><\/p>\n\n\n\n<p>Both short papers (6-11 pages) and full papers (12-15 pages) can be submitted. Papers shorter than 6 pages will not be accepted to the main conference, please check special submission rules for the conference workshops on the webpage of the respective workshop if you plan to submit there.<\/p>\n\n\n\n<p>Papers will undergo rigorous peer review; the Program Committee will make the final decision which papers will be included in the conference program. For papers with conflicting reviews, or which are on the borderline between acceptance and rejection, a short rebuttal phase is foreseen.<\/p>\n\n\n\n<p>Full papers will usually be assigned to oral sessions (15 minutes presentation + 5 minutes questions), short papers may be assigned to oral or poster sessions, depending on the quantity of submissions; this assignment does in no way incur a judgment on paper quality. Note that presentation rules for workshops and special sessions may differ. All accepted papers will be published in the Springer LNCS series.<\/p>\n\n\n\n<hr class=\"wp-block-separator has-alpha-channel-opacity is-style-wide\"\/>\n\n\n\n<p><strong>KEYNOTE SPEAKERS<\/strong><br>J\u00fcrgen Schmidhuber, IDSIA USI-SUPSI, Switzerland, and KAUST AI Initiative, Saudi Arabia<br>Tanja Schultz, University of Bremen, Germany<br>Walter Senn, University of Bern, Switzerland<br>Henry Markram, \u00c9cole polytechnique f\u00e9d\u00e9rale de Lausanne, Switzerland<\/p>\n\n\n\n<p><strong>CONFERENCE COMMITTEE<br><\/strong>Find a full list of the conference organization committee <a href=\"https:\/\/e-nns.org\/icann2024\/organization\/organising-committee\/\" data-type=\"page\" data-id=\"64\">here<\/a>.<\/p>\n\n\n\n<p><strong>IMPORTANT DATES<br><\/strong>All deadline can be found <a href=\"https:\/\/e-nns.org\/icann2024\/important-dates\/\" data-type=\"page\" data-id=\"74\">here<\/a>.<\/p>\n\n\n\n<p><strong>CONTACT<\/strong><br>For questions, please contact <a href=\"mailto:program-committee@icann2024.org\">program-committee@icann2024.org<\/a>.<\/p>\n\n\n\n<hr class=\"wp-block-separator has-alpha-channel-opacity is-style-wide\"\/>\n\n\n\n<p class=\"has-text-align-center\">Download poster version (pdf) of this call <a href=\"https:\/\/e-nns.org\/wp-content\/uploads\/2024\/ICANN2024-CfP2.pdf\">here<\/a>.<\/p>\n","protected":false},"excerpt":{"rendered":"<p>The 33rd International Conference on Artificial Neural Networks The International Conference on Artificial Neural Networks (ICANN) is the annual flagship conference of the European Neural Network Society (ENNS). In 2024, the ICANN will take place in Lugano, Switzerland. Conference Dates: September 17 to September 20, 2024Conference Venue: Campus of the University of Southern Switzerland and &hellip; <a href=\"https:\/\/e-nns.org\/icann2024\/call-for-papers-2\/\" class=\"more-link\">Continue reading<span class=\"screen-reader-text\"> &#8220;Call for Papers&#8221;<\/span><\/a><\/p>\n","protected":false},"author":1,"featured_media":0,"parent":0,"menu_order":0,"comment_status":"closed","ping_status":"closed","template":"","meta":{"footnotes":""},"class_list":["post-329","page","type-page","status-publish","hentry"],"_links":{"self":[{"href":"https:\/\/e-nns.org\/icann2024\/wp-json\/wp\/v2\/pages\/329","targetHints":{"allow":["GET"]}}],"collection":[{"href":"https:\/\/e-nns.org\/icann2024\/wp-json\/wp\/v2\/pages"}],"about":[{"href":"https:\/\/e-nns.org\/icann2024\/wp-json\/wp\/v2\/types\/page"}],"author":[{"embeddable":true,"href":"https:\/\/e-nns.org\/icann2024\/wp-json\/wp\/v2\/users\/1"}],"replies":[{"embeddable":true,"href":"https:\/\/e-nns.org\/icann2024\/wp-json\/wp\/v2\/comments?post=329"}],"version-history":[{"count":14,"href":"https:\/\/e-nns.org\/icann2024\/wp-json\/wp\/v2\/pages\/329\/revisions"}],"predecessor-version":[{"id":3280,"href":"https:\/\/e-nns.org\/icann2024\/wp-json\/wp\/v2\/pages\/329\/revisions\/3280"}],"wp:attachment":[{"href":"https:\/\/e-nns.org\/icann2024\/wp-json\/wp\/v2\/media?parent=329"}],"curies":[{"name":"wp","href":"https:\/\/api.w.org\/{rel}","templated":true}]}}