{"id":998,"date":"2017-10-24T21:04:51","date_gmt":"2017-10-24T21:04:51","guid":{"rendered":"https:\/\/e-nns.org\/icann2018\/?page_id=998"},"modified":"2023-07-31T11:08:05","modified_gmt":"2023-07-31T11:08:05","slug":"programme-committee","status":"publish","type":"page","link":"https:\/\/e-nns.org\/icann2023\/organization\/programme-committee\/","title":{"rendered":"Programme Committee"},"content":{"rendered":"\n<p><\/p>\n\n\n\n<p>Abraham Yosipof, CLB, Israel<br>Adane Tarekegn, NTNU, Norway<br>Aditya Gilra, Centrum Wiskunde &amp; Informatica, India<br>Adrien Durand-Petiteville, Federal University of Pernambuco, Brazil<br>Adrien Fois, LORIA, France<br>Alaa Marouf, Hosei university, Japan, Japan<br>Alessandra Sciutti, Istituto Italiano di Tecnologia, Italy<br>Alessandro Sperduti, University of Padua, Italy<br>Alessio Micheli, University of Pisa &#8211; Dept. of Computer Science, Italy<br>Alex Shenfield, Sheffield Hallam University, United Kingdom<br>Alexander Kovalenko, Czech Technical University in Prague, Czech Republic<br>Alexander Krawczyk, Fulda University of Applied Sciences, Germany<br>Ali Minai, University of Cincinnati, USA<br>Aluizio Araujo, Universidade federal de Pernambuco &#8211; UFPE, Brazil<br>Amarda Shehu, George Mason University, USA<br>Amit Kumar Kundu, University of Maryland, USA<br>Anand Rangarajan, University of Florida, USA<br>Anastasios Panagiotis Psathas, Democritus University of Thrace, Greece<br>Andre de Carvalho, Universidade de S\u00e3o Paulo, Brazil<br>Andrej Lucny, Comenius University, Slovakia<br>Angel Villar-Corrales, University of Bonn, Germany<br>Angelo Cangelosi, University of Manchester, United Kingdom<br>Anna Jenul, Norwegian University of Life Sciences, Norway<br>Antonios Papaleonidas, Democritus University of Thrace, Greece<br>Arnaud Lewandowski, LISIC, ULCO, France<br>Arul Selvam Periyasamy, Uni Bonn, Germany<br>Asma Mekki, University of Sfax, Tunisia<br>Banafsheh Rekabdar, Portland State University, USA<br>Barbara Hammer, Universit\u00e4t Bielefeld, Germany<br>Baris Serhan, The University of Manchester, United Kingdom<br>Benedikt Bagus, University of Applied Sciences Fulda, Germany<br>Benjamin Paa\u00dfen, Bielefeld University, Germany<br>Bernhard Pfahringer, University of Waikato, New Zealand<br>Bharath Sudharsan, NUI Galway, Ireland<br>Binyi Wu, Dresden University of Technology, Germany<br>Binyu Zhao, Harbin Institute of Technology, China<br>Bj\u00f6rn Pl\u00fcster, University of Hamburg, Germany<br>Bo Mei, Texas Christian University, USA<br>Brian Moser, Deutsches Forschungszentrum f\u00fcr k\u00fcnstliche Intelligenz, Germany<br>Carlo Mazzola, Istituto Italiano di Tecnologia, Italy<br>Carlos Moreno-Garcia, Robert Gordon University, United Kingdom<br>Chandresh Pravin, Reading University, United Kingdom<br>Chao Ma, Wuhan University, China<br>Chathura Wanigasekara, German Aerospace Centre, Germany<br>cheng shang, Shanghai Jiaotong University, China<br>Chengqiang Huang, Huawei Technologies Co. Ltd., China<br>Chenhan Zhang, University of Technology Sydney, Australia<br>Chenyang Lyu, Dublin City University, Ireland<br>Chihuang Liu, Meta, USA<br>Chrisina Jayne, Teesside University, United Kingdom<br>Christian Balkenius, Lund University, Sweden<br>Chrysoula Kosma, Ecole Polytechnique, Greece<br>Claudio Bellei, Elliptic, United Kingdom<br>Claudio Gallicchio, University of Pisa, Italy<br>Claudio Giorgio Giancaterino, Intesa SanPaolo Vita, Italy<br>Constantine Dovrolis, Cyprus Institute, USA<br>Co\u015fku Horuz, University of T\u00fcbingen, Germany<br>Cunjian Chen, Monash, Australia<br>Cunyi Yin, Fuzhou University, Singapore<br>Damien Lolive, Univ Rennes, CNRS, IRISA, France<br>Daniel Stamate, Goldsmiths, University of London, United Kingdom<br>Daniel Va\u0161ata, Faculty of Information Technology, Czech Technical University in Prague, Czech Republic<br>Dario Pasquali, Istituto Italiano di Tecnologia, Italy<br>David Dembinsky, German Research Center for Artificial Intelligence, Germany<br>David Rotermund, University of Bremen, Germany<br>Davide Liberato Manna, University of Strathclyde, United Kingdom<br>Dehao Yuan, University of Maryland, USA<br>Denise Gorse, University College London, United Kingdom<br>Dennis Wong, Macao Polytechnic University, Macau<br>Des Higham, University of Edinburgh, United Kingdom<br>Devesh Jawla, Tu Dublin, Ireland<br>Dimitrios Michail, Harokopio University of Athens, Greece<br>Dino Ienco, INRAE, France<br>Diptangshu Pandit, Teesside University, United Kingdom<br>Diyuan Lu, Helmholtz Center Munich, Germany<br>Domenico Tortorella, University of Pisa, Italy<br>Dominik Geissler, American Family Insurance, USA<br>DongNyeong Heo, Handong Global University, South Korea<br>Dongyang Zhang, University of Electronic Science and Technology of China, China<br>Doreen Jirak, Istituto Italiano di Tecnologia, Italy<br>Douglas McLelland, BrainChip, France<br>Douglas Nyabuga, Mount Kenya University, Rwanda<br>Dulani Meedeniya, University of Moratuwa, Sri Lanka<br>Dumitru-Clementin Cercel, University Politehnica of Bucharest, Romania<br>Dylan Muir, SynSense, Switzerland<br>Efe Bozkir, Uni T\u00fcbingen, Germany<br>Eleftherios Kouloumpris, Aristotle University of Thessaloniki, Greece<br>Elias Pimenidis, University of the West of England, Afghanistan<br>Eliska Kloberdanz, Iowa State University, USA<br>Emre Neftci, Foschungszentrum Juelich, Germany<br>Enzo Tartaglione, Telecom Paris, France<br>Erwin Lopez, The University of Manchester, United Kingdom<br>Evgeny Mirkes, University of Leicester, United Kingdom<br>F. Boray tek, Istanbul Technical University, Turkey<br>Federico Corradi, Eindhoven University of Technology, Netherlands<br>Federico Errica, NEC Labs Europe, Germany<br>Federico Manzi, Universit\u00e0 Cattolica del Sacro Cuore, Italy<br>Federico Vozzi, CNR, Italy<br>Fedor Scholz, University of Tuebingen, Germany<br>Feifei Dai, Chinese Academy of Sciences, China<br>Feifei Xu, Shanghai University of Electric Power, China<br>Feixiang Zhou, University of Leicester, United Kingdom<br>Felipe Moreno, FGV, Peru<br>Feng Wei, York University, Canada<br>Fengying Li, Guilin University of Electronic Technology, China<br>Flora Ferreira, University of Minho, Portugal<br>Florian Mirus, Intel Labs, Germany<br>Francesco Semeraro, The University of Manchester, United Kingdom<br>Franco Scarselli, University of Siena, Italy<br>Fran\u00e7ois Blayo, IPSEITE SA, Switzerland<br>Frank R\u00f6der, Hamburg University of Technology, Germany<br>Frederic Alexandre, Inria, France<br>Fuchang Han, Central South University, China<br>Fuli Wang, University of Essex, United Kingdom<br>Gabriela Sejnova, Czech Technical University in Prague, Czech Republic<br>Gaetano Di Caterina, University of Strathclyde, United Kingdom<br>George Bebis, University of Nevada, USA<br>Gerrit Ecke, Mercedes-Benz AG, Germany<br>Giannis Nikolentzos, Ecole Polytechnique, France<br>Gilles Marcou, University of Strasbourg, France<br>Giorgio Gnecco, IMT School for Advanced Studies, Italy<br>Glauco Amigo, Baylor University, USA<br>Greg Lee, Acadia University, Canada<br>Gr\u00e9gory Bourguin, LISIC\/ULCO, France<br>Guillermo Mart\u00edn-S\u00e1nchez, Champalimaud Foundation, Portugal<br>Gulustan Dogan, UNCW, USA<br>Habib Khan, Islamia College University Peshawar, Pakistan<br>Haizhou Du, Shanghai University of Electric Power, China<br>Hanli Wang, Hanli Wang, Professor, Tongji University, China<br>Hanno Gottschalk, TU Berlin, Germany<br>Hao Tong, university of birmingham, United Kingdom<br>Haobo Jiang, NJUST, China<br>Haopeng Chen, shanghai Jiao Tong University, China<br>Hazrat Ali, Hamad Bin Khalifa University, Qatar<br>Hina Afridi, NTNU, Gj\u00f8vik, Norway<br>Hiroaki Aizawa, Hiroshima University, Japan<br>Hiromichi Suetani, Oita University, Japan<br>Hiroshi KAWAGUCHI, Kobe University, Japan<br>Hiroyasu Ando, Tohoku University, Japan<br>Hiroyoshi Ito, University of Tsukuba, Japan<br>Honggang Zhang, University of Massachusetts Boston, USA<br>Hongqing Yu, The Open University, United Kingdom<br>Hongye Cao, Northwestern Polytechnical University, China<br>Hugo Carneiro, University of Hamburg, Germany<br>Hugo Eduardo Camacho Cruz, Universidad Aut\u00f3noma de Tamaulipas, Mexico<br>Huifang Ma, Northwest Normal University, China<br>Hyeyoung Park, Kyungpook National University, South Korea<br>Ian Nabney, University of Bristol, United Kingdom<br>Igor Farkas, Comenius University Bratislava, Slovakia<br>Ikuko Nishikawa, Ritsumeikan University, Japan<br>Ioannis Pierros, Aristotle University of Thessaloniki, Greece<br>Iraklis Varlamis, Harokopio University of Athens, Greece<br>Ivan Tyukin, King&#8217;s College London, United Kingdom<br>Iveta Be\u010dkov\u00e1, Comenius University in Bratislava, Slovakia<br>Jae Hee Lee, University of Hamburg, Germany<br>James Yu, Southern University of Science and Technology, China<br>Jan Faigl, Czech Technical University in Prague, Czech Republic<br>Jan Feber, Czech Technical University in Prague, Czech Republic<br>Jan-Gerrit Habekost, University of Hamburg, Germany<br>Jannik Thuemmel, University of T\u00fcbingen, Germany<br>Jeremie Cabessa, University Paris 2, France<br>J\u00e9r\u00e9mie Sublime, ISEP, France<br>Jia Cai, Guangdong University of Finance &amp; Economics, China<br>Jiaan Wang, Soochow University, China<br>Jialiang Tang, Nanjing University of Science and Technology, China<br>Jian Hu, YiduCloud, Cyprus<br>Jianhua Xu, Nanjing Normal University, China<br>Jianyong Chen, Shenzhen University, China<br>Jichao Bi, Zhejiang Institute of Industry and Information Technology, China<br>Jie Shao, University of Electronic Science and Technology of China, China<br>Jim Smith, University of the West of England, United Kingdom<br>Jing Yang, hefei university of technology, China<br>Jingyi Yuan, Arizona State University, USA<br>Jingyun Jia, Baidu, USA<br>Jinling Wang, Ulster University, United Kingdom<br>Jiri Sima, Institute of Computer Science of the Czech Academy of Sciences, Czech Republic<br>jitesh dundas, , USA<br>Joost Vennekens, KU Leuven, Belgium<br>Jordi Cosp, Universitat Polit\u00e8cnica de Catalunya, Spain<br>Josua Spisak, University of Hamburg, Germany<br>Jozef Kub\u00edk, Comenius University, Slovakia<br>Junpei Zhong, The Hong Kong Polytechnic University, Hong Kong<br>Jurgita Kapo\u010di\u016bt\u0117-Dzikien\u0117, Vytautas Magnus University, Lithuania<br>K. L. Eddie Law, Macao Polytechnic University, Macau<br>Kai Tang, , China<br>Kamil Dedecius, Czech Academy of Sciences, Czech Republic<br>Kang Zhang, Kyushu University, Japan<br>Kantaro Fujiwara, University of Tokyo, Japan<br>Karlis Freivalds, Institute of Electronics and Computer Science, Latvia<br>Khoa Phung, University of the West of England, Internet<br>Kiran Lekkala, University of Southern California, USA<br>Kleanthis Malialis, University of Cyprus, Cyprus<br>Kohulan Rajan, Friedrich Schiller University, Germany<br>Koichiro Yamauchi, Chubu University, Japan<br>koloud Alkhamaiseh, Western Michigan university, USA<br>Konstantinos Demertzis, Democritus University of Thrace School of Engineering Dep. of Civil Engineering, Greece<br>Kostadin Cvejoski, Fraunhofer IAIS, Germany<br>Krist\u00edna Malinovsk\u00e1, Comenius University in Bratislava, Slovakia<br>Kun Zhang, Inria and \u00c9cole Polytechnique, France<br>Laurent Mertens, KU Leuven, Belgium<br>Laurent Perrinet, AMU CNRS, France<br>Lazaros Iliadis, Democritus University of Thrace, Greece<br>Leandro dos Santos Coelho, Pontifical Catholic University of Parana (PUCPR), Brazil<br>leiping jie, Hong Kong Baptist University, China<br>Lenka T\u011btkov\u00e1, Technical University of Denmark, Denmark<br>Lia Morra, Politecnico di Torino, Italy<br>Liang Ge, Chongqing University, China<br>Liang Zhao, Dalian University of Technology, China<br>Limengzi Yuan, Shihezi University, China<br>Ling Guo, Northwest University, China<br>Linlin Shen, Shenzhen University, China<br>Lixin Zou, Wuhan University, China<br>Lorenzo Vorabbi, University of Bologna, Italy<br>Lu Wang, Macao Polytechnic University, Macau<br>Luca Pasa, University of Padova, Italy<br>\u013dudov\u00edt Malinovsk\u00fd, independent, Slovakia<br>Luis Alexandre, Universidade da Beira Interior, Portugal<br>Luis Lago, Universidad Autonoma de Madrid, Spain<br>Luk\u00e1\u0161 Gajdo\u0161ech Gajdo\u0161ech, Comenius University Bratislava, Slovakia<br>Lyra Puspa, Vanaya NeuroLab, Indonesia<br>Madalina Erascu, West University of Timisoara, Romania<br>Magda Friedjungov\u00e1, Czech Technical University in Prague, Czech Republic<br>Manuel Traub, University of T\u00fcbingen, Germany<br>Marcello Trovati, Edge Hill University, United Kingdom<br>Marcin Pietron, AGH-UST, Poland<br>Marco Bertolini, Pfizer, Germany<br>Marco Podda, University of Pisa, Italy<br>Markus Bayer, Technical University of Darmstadt, Germany<br>Markus Eisenbach, Ilmenau University of Technology, Germany<br>Martin Ferianc, University College London, Slovakia<br>Martin Holena, Czech Technical University, Czech Republic<br>Masanari Kimura, ZOZO Research, Japan<br>Masato Uchida, Waseda University, Japan<br>Masoud DANESHTALAB, M\u00e4lardalen University, Sweden<br>Mats Leon Richter, University of Montreal, Germany<br>Matthew Evanusa, University of Maryland, USA<br>Matthias Karlbauer, University of T\u00fcbingen, Germany<br>Matthias Kerzel, University of Hamburg, Germany<br>Matthias M\u00f6ller, \u00d6rebro University, Sweden<br>Matthias M\u00fcller-Brockhausen, Leiden University, Netherlands<br>Matus Tomko, Comenius University in Bratislava, Slovakia<br>Mayukh Maitra, Walmart, India<br>Md Delwar Hossain, Nara Institute of Science and Technology, Japan<br>Mehmet Aydin, University of the West of England, United Kingdom<br>Michail Chatzianastasis, \u00c9cole Polytechnique, Greece<br>Michail-Antisthenis Tsompanas, University of the West of England, United Kingdom<br>MICHEL SALOMON, Universit\u00e9 de Franche-Comt\u00e9, France<br>Miguel Matey-Sanz, Universitat Jaume I, Spain<br>Miko\u0142aj Morzy, Poznan University of Technology, Poland<br>Minal Suresh Patil, Umea universitet, Sweden<br>Minh Tri L\u00ea, Inria, France<br>Mircea Nicolescu, University of Nevada, Reno, USA<br>Mohamed Elleuch, ENSI, Tunisia<br>Mohammed Elmahdi Khennour, Kasdi Merbah University Ouargla, Algeria<br>Mohib Ullah, NTNU, Norway<br>Monika Schak, Fulda University of Applied Sciences, Germany<br>Moritz Wolter, University of Bonn, Germany<br>Mostafa Kotb, Hamburg university, Germany<br>Muhammad Burhan Hafez, University of Hamburg, Germany<br>Nabeel Khalid, German Research Centre for Artificial Intelligence, Germany<br>Nabil el Malki, IRIT, France<br>Narendhar Gugulothu, TCS Research, India<br>Naresh Balaji Ravichandran, KTH Stockholm, Sweden<br>Natalie Kiesler, DIPF Leibniz Institute for Research and Information in Education, Germany<br>Nathan Duran, UWE, United Kingdom<br>Nermeen Abou Baker, Ruhr West university of applied sciences, Germany<br>Nick Jhones, Dundee University, United Kingdom<br>Nicolangelo Iannella, University of Oslo, Norway<br>Nicolas Couellan, ENAC, France<br>Nicolas Rougier, Universty of Bordeaux, France<br>Nikolaos Ioannis Bountos, National Observatory of Athens, Greece<br>Nikolaos Polatidis, University of Brighton, United Kingdom<br>Norimichi Ukita, TTI-J, Japan<br>Oleg Bakhteev, EPFL, Switzerland<br>Olga Grebenkova, Moscow Institute of Physics and Technology, Russia<br>Oliver Sutton, King&#8217;s College London, United Kingdom<br>Olivier Teste, Universit\u00e9 de Toulouse, France<br>Or Elroy, CLB, Israel<br>Oscar Fontenla-Romero, University of A Coru\u00f1a, Spain<br>Ozan \u00d6zdenizci, Graz University of Technology, Austria<br>Pablo Lanillos, Spanish National Research Council, Spain<br>Pascal Rost, Universit\u00e4t Hamburg, Germany<br>Paul Kainen, Georgetown, USA<br>Paulo Cortez, University of Minho, Portugal<br>Pavel Petrovic, Comenius University, Slovakia<br>Peipei Liu, School of Cyber Security, University of Chinese Academy of Sciences, China<br>Peng Qiao, NUDT, China<br>Peter Andras, Edinburgh Napier University, United Kingdom<br>Peter Steiner, Technische Universit\u00e4t Dresden, Germany<br>Peter Sutor, University of Maryland, USA<br>Petia Georgieva, University of Aveiro \/IEETA, Portugal<br>Petia Koprinkova-Hristova, Bulgarian Academy of Sciences, Bulgaria<br>Petra Vidnerov\u00e1, the czech academy of sciences, Czech Republic<br>Philipp Allgeuer, University of Hamburg, Germany<br>Pragathi Priyadharsini Balasubramani, Indian Institute of Technology Kanpur, India<br>Qian Wang, Qian Wang, Research Associate, Durham University, United Kingdom<br>Qinghua Zhou, King&#8217;s College London, United Kingdom<br>qingquan zhang, Southern University of Science and Technology, China<br>Quentin Jodelet, Tokyo Institute of Technology, Japan<br>Radoslav \u0160koviera, Czech Technical University in Prague, Czech Republic<br>Raoul Heese, Fraunhofer ITWM, Germany<br>Ricardo Marcacini, University of S\u00e3o Paulo, Brazil<br>Riccardo Renzulli, University of Turin, Italy<br>Richard Duro, Universidade da Coru\u00f1a, Spain<br>Robert Legenstein, Graz University of Technology, Austria<br>Rodrigo Clemente Thom de Souza, Federal University of Parana, Brazil<br>Rohit Dwivedula, Independent, India<br>Romain Ferrand, IGI TU Graz, Austria<br>Roman Mou\u010dek, University of West Bohemia, Czech Republic<br>Roseli Wedemann, Universidade do Estado do Rio de Janeiro, Brazil<br>Rufin VanRullen, CNRS, France<br>Ruijun Feng, China Telecom Beijing Research Institute, China<br>Ruxandra Stoean, University of Craiova, Romania<br>Sanchit Hira, JHU, USA<br>Sander Bohte, CWI, Netherlands<br>Sandrine Mouysset, University of Toulouse\/IRIT, France<br>Sanka Rasnayaka, National University of Singapore, Singapore<br>Sa\u0161o Karakati\u010d, University of Maribor, Slovenia<br>Sebastian Nowak, University Bonn, Germany<br>Seiya Satoh, Tokyo Denki University, Japan<br>Senwei Liang, LBNL, USA<br>Shaolin Zhu, Tianjin University, China<br>Shayan Gharib, University of Helsinki, Finland<br>Sherif Eissa, Eindhoven University of Technology, Afghanistan<br>Shiyong Lan, , China<br>Shoumeng Qiu, Fudan, China<br>Shu Eguchi, Aomori University, Japan<br>Shubai Chen, Southwest University, China<br>Shweta Singh, International Institute of Information Technology, Hyderabad, India, India<br>Simon Hakenes, Ruhr University Bochum, Germany<br>Simona Doboli, Hofstra University, USA<br>Song Guo, Xi&#8217;an University of Architecture and Technology, China<br>Stanislav Frolov, Deutsches Forschungszentrum f\u00fcr K\u00fcnstliche Intelligenz (DFKI), Germany<br>\u0160tefan P\u00f3co\u0161, Comenius University in Bratislava, Slovakia<br>Steven (Zvi) Lapp, Bar Ilan University, Israel<br>Sujala Shetty, BITS Pilani Dubai Campus, United Arab Emirates<br>Sumio Watanabe, Tokyo Institute of Technology, Japan<br>Surabhi Sinha, Adobe, USA<br>Takafumi Amaba, Fukuoka University, Japan<br>Takaharu Yaguchi, Kobe University, Japan<br>Takeshi Abe, Yamaguchi University, Japan<br>Takuya Kitamura, National Institute of Technology, Toyama College, Japan<br>Tatiana Tyukina, University of Leicester, United Kingdom<br>Teng-Sheng Moh, San Jose State University, USA<br>Tetsuya Hoya, , Japan<br>Thierry Vi\u00e9ville, Domicile, France<br>Thomas Nowotny, University of Sussex, United Kingdom<br>Tianlin Zhang, The University of Manchester, United Kingdom<br>Tianyi Wang, The University of Hong Kong, China<br>Tieke He, Nanjing University, China<br>Tiyu Fang, Shandong University, China<br>Tobias Uelwer, Technical University Dortmund, Germany<br>Tomasz Kapuscinski, Rzeszow University of Technology, Poland<br>Tomasz Szandala, Wroclaw University of Technology, Poland<br>Toshiharu Sugawara, Waseda University, Japan<br>Trond Arild Tjostheim, Lund University, Sweden<br>Umer Mushtaq, Universit\u00e9 Paris-Panth\u00e9on-Assas, France<br>Uwe Handmann, Ruhr West University, Germany<br>V Ramasubramanian, International Institute of Information Technology &#8211; Bangalore (IIIT-B), India<br>Valeri Mladenov, Technical University of Sofia, Bulgaria<br>Valerie Vaquet, Bielefeld University, Germany<br>VANDANA LADWANI, International Institute of Information Technology-Bangalore(IIITB), India<br>Vangelis Metsis, Texas State University, USA<br>Vera Kurkova, Institute of Computer Science, Czech Academy of Sciences, Czech Republic<br>Verner Ferreira, Universidade do Estado da Bahia, Brazil<br>Viktor Kocur, Comenius University, Slovakia<br>Ville Tanskanen, University of Helsinki, Finland<br>Viviana Cocco Mariani, PUCPR, Brazil<br>Vladim\u00edr Bo\u017ea, Comenius University, Slovakia<br>Vojtech Mrazek, Brno University of Technology, Czech Republic<br>Weifeng Liu, China University of Petroleum (East China), China<br>Wenxin Yu, Southwest University of Science and Technology, China<br>Wenxuan Liu, Wuhan University of Technology, China<br>wu ancheng, pingan, China<br>Wuliang Huang, ICT, China<br>Xi Cheng, NUPT, Hong Kong<br>xia feng, Civil Aviation University of China, China<br>Xian Zhong, Wuhan University of Technology, China<br>Xiang Zhang, National University of Defense Technology, China<br>Xiaochen Yuan, Macao Polytechnic University, Macau<br>Xiaodong Gu, Fudan University, China<br>Xiaoqing Liu, Kyushu University, Japan<br>Xiaowei Zhou, Macquarie University, Australia<br>Xiaozhuang Song, The Chinese University of Hong Kong, Shenzhen, China<br>Xingpeng Zhang, Southwest Petroleum University, China<br>Xuemei Jia, Wuhan University, China<br>Xuewen Wang, China university of geosciences, China<br>yahong lian, Nankai University, China<br>Yan Zheng, China University of Political Science and Law, China<br>Yang Liu, Fudan University, China<br>Yang Shao, Hitachi Ltd., Japan<br>Yangguang Cui, East China Normal University, China<br>Yansong Chua, China Nanhu Academy of Electronics and Information Technology, Singapore<br>Yapeng Gao, Taiyuan University of Technology, China<br>Yasufumi Sakai, Fujitsu, Japan<br>Ye Wang, National University of Defense Technology, China<br>Yeh-Ching Chung, Chinese University of Hong Kong in Shenzhen, China<br>Yihao Luo, Yichang Testing Technique R&amp;D Institute, China<br>Yikemaiti Sataer, Southeast University, China<br>Yipeng Yu, Tencent, China<br>Yongchao Ye, Southern University of Science and Technology, China<br>Yoshihiko Horio, Tohoku University, Japan<br>Youcef Djenouri, NORCE, Norway<br>Yuan Li, Military Academy of Sciences, China<br>Yuan Panli, shihezi university, China<br>Yuan Yao, Tsinghua University, China<br>Yuanlun Xie, University of Electronic Science and Technology of China, China<br>Yuanshao Zhu, Southern University of Science and Technology, China<br>Yucan Zhou, Institute of Information Engineering, Chinese Academy of Sciences, China<br>Yuchen Zheng, Shihezi University, China<br>Yuchun Fang, Shanghai Universiy, China<br>Yue Zhao, Minzu University of China, China<br>YUESONG NAN, National University of Singapore, Singapore<br>Zaneta Swiderska-Chadaj, Warsaw University of Technology, Poland<br>Zdenek Straka, Czech Technical University in Prague, Czech Republic<br>Zhao Yang, Leiden University, Netherlands<br>Zhaoyun Ding, nudt, China<br>Zhengwei Yang, Wuhan University, China<br>Zhenjie Yao, Chinese Academy of Sciences, Singapore<br>zhichao lian, Nanjing University of Sci. and Tech., China<br>Zhiqiang Zhang, Hosei University, Japan<br>Zhixin Li, Guangxi Normal University, China<br>ZHONGNAN ZHANG, XIAMEN UNIVERSITY, China<br>Zhongzhan Huang, Sun Yat-sen University, China<br>Zi Long, Shenzhen Technology University, China<br>Zilong Lin, Indiana University Bloomington, USA<br>Zuobin Xiong, Georgia State University, USA<br>Zuzana Cernekova, FMFI Comenius University, Slovakia<\/p>\n","protected":false},"excerpt":{"rendered":"<p>Abraham Yosipof, CLB, IsraelAdane Tarekegn, NTNU, NorwayAditya Gilra, Centrum Wiskunde &amp; Informatica, IndiaAdrien Durand-Petiteville, Federal University of Pernambuco, BrazilAdrien Fois, LORIA, FranceAlaa Marouf, Hosei university, Japan, JapanAlessandra Sciutti, Istituto Italiano di Tecnologia, ItalyAlessandro Sperduti, University of Padua, ItalyAlessio Micheli, University of Pisa &#8211; Dept. of Computer Science, ItalyAlex Shenfield, Sheffield Hallam University, United KingdomAlexander Kovalenko, &hellip; <a href=\"https:\/\/e-nns.org\/icann2023\/organization\/programme-committee\/\" class=\"more-link\">Continue reading<span class=\"screen-reader-text\"> &#8220;Programme Committee&#8221;<\/span><\/a><\/p>\n","protected":false},"author":1,"featured_media":0,"parent":263,"menu_order":0,"comment_status":"closed","ping_status":"closed","template":"","meta":{"footnotes":""},"class_list":["post-998","page","type-page","status-publish","hentry"],"_links":{"self":[{"href":"https:\/\/e-nns.org\/icann2023\/wp-json\/wp\/v2\/pages\/998","targetHints":{"allow":["GET"]}}],"collection":[{"href":"https:\/\/e-nns.org\/icann2023\/wp-json\/wp\/v2\/pages"}],"about":[{"href":"https:\/\/e-nns.org\/icann2023\/wp-json\/wp\/v2\/types\/page"}],"author":[{"embeddable":true,"href":"https:\/\/e-nns.org\/icann2023\/wp-json\/wp\/v2\/users\/1"}],"replies":[{"embeddable":true,"href":"https:\/\/e-nns.org\/icann2023\/wp-json\/wp\/v2\/comments?post=998"}],"version-history":[{"count":4,"href":"https:\/\/e-nns.org\/icann2023\/wp-json\/wp\/v2\/pages\/998\/revisions"}],"predecessor-version":[{"id":2902,"href":"https:\/\/e-nns.org\/icann2023\/wp-json\/wp\/v2\/pages\/998\/revisions\/2902"}],"up":[{"embeddable":true,"href":"https:\/\/e-nns.org\/icann2023\/wp-json\/wp\/v2\/pages\/263"}],"wp:attachment":[{"href":"https:\/\/e-nns.org\/icann2023\/wp-json\/wp\/v2\/media?parent=998"}],"curies":[{"name":"wp","href":"https:\/\/api.w.org\/{rel}","templated":true}]}}