{"id":64,"date":"2015-08-05T09:27:44","date_gmt":"2015-08-05T09:27:44","guid":{"rendered":"http:\/\/nhrg02n.unil.ch\/icann2016.org\/public_html\/?page_id=64"},"modified":"2023-09-14T08:08:36","modified_gmt":"2023-09-14T08:08:36","slug":"organising-committee","status":"publish","type":"page","link":"https:\/\/e-nns.org\/icann2023\/organization\/organising-committee\/","title":{"rendered":"Organizing committee"},"content":{"rendered":"\n<p><strong>General Chairs<\/strong><\/p>\n\n\n\n<ul class=\"wp-block-list\">\n<li>Iliadis Lazaros, Democritus University of Thrace, Greece<\/li>\n\n\n\n<li>Plamen Angelov, Lancaster University, UK<\/li>\n<\/ul>\n\n\n\n<p><strong>Program Chairs<\/strong><\/p>\n\n\n\n<ul class=\"wp-block-list\">\n<li>Antonios Papaleonidas, Democritus University of Thrace, Greece<\/li>\n\n\n\n<li>Elias Pimenidis, UWE Bristol, UK<\/li>\n\n\n\n<li>Chrisina Jayne, Teesside University, UK<\/li>\n<\/ul>\n\n\n\n<p><strong>Honorary Chairs<\/strong><\/p>\n\n\n\n<ul class=\"wp-block-list\">\n<li>Stefan Wermter, University of Hamburg, Germany<\/li>\n\n\n\n<li>Vera Kurkova, Czech Academy of Sciences, Czech Republic<\/li>\n\n\n\n<li>Nikola Kasabov, Auckland University of Technology, New Zealand<\/li>\n<\/ul>\n\n\n\n<p><strong>Organizing Chairs<\/strong><\/p>\n\n\n\n<ul class=\"wp-block-list\">\n<li>Antonios Papaleonidas, Democritus University of Thrace, Greece<\/li>\n\n\n\n<li>Anastasios Panagiotis Psathas, Democritus University of Thrace, Greece<\/li>\n\n\n\n<li>George Magoulas, University of London, Birkbeck College, UK<\/li>\n\n\n\n<li>Haralambos Mouratidis, University of Essex, UK<\/li>\n<\/ul>\n\n\n\n<p><strong>Local organizing \/ Hybrid facilitation Committee<\/strong><\/p>\n\n\n\n<ul class=\"wp-block-list\">\n<li>Aggeliki Tsouka,&nbsp; Democritus University of Thrace, Greece<\/li>\n\n\n\n<li>Anastasios Panagiotis Psathas, Democritus University of Thrace, Greece<\/li>\n\n\n\n<li>Anna Karagianni, Democritus University of Thrace, Greece<\/li>\n\n\n\n<li>Christina Gkizioti, Democritus University of Thrace, Greece<\/li>\n\n\n\n<li>Ioanna-Maria Erentzi, Democritus University of Thrace, Greece<\/li>\n\n\n\n<li>Ioannis Skopelitis, Democritus University of Thrace, Greece<\/li>\n\n\n\n<li>Lambros Kazelis, Democritus University of Thrace, Greece<\/li>\n\n\n\n<li>Leandros Tsatsaronis, Democritus University of Thrace, Greece<\/li>\n\n\n\n<li>Nikiforos Mpotzoris, Democritus University of Thrace, Greece<\/li>\n\n\n\n<li>Nikos Zervis, Democritus University of Thrace, Greece<\/li>\n\n\n\n<li>Panagiotis Restos, Democritus University of Thrace, Greece<\/li>\n\n\n\n<li>Tassos Giannakopoulos, Democritus University of Thrace, Greece<\/li>\n<\/ul>\n\n\n\n<p><strong>Award Chairs<\/strong><\/p>\n\n\n\n<ul class=\"wp-block-list\">\n<li>Stefan Wermter, University of Hamburg, Germany<\/li>\n\n\n\n<li>Matthias Kerzel, University of Hamburg, Germany<\/li>\n\n\n\n<li>Chukiong Loo, University of Malaysia, Malaysia<\/li>\n<\/ul>\n\n\n\n<p><strong>Communication Chairs<\/strong><\/p>\n\n\n\n<ul class=\"wp-block-list\">\n<li>Sebastian Otte, University of L\u00fcbeck, Germany<\/li>\n\n\n\n<li>Anastasios Panagiotis Psathas, Democritus University of Thrace, Greece<\/li>\n<\/ul>\n\n\n\n<p><strong>Steering Committee<\/strong><\/p>\n\n\n\n<ul class=\"wp-block-list\">\n<li>Stefan Wermter, University of Hamburg, Germany<\/li>\n\n\n\n<li>Angelo Cangelosi, University of Manchester, UK<\/li>\n\n\n\n<li>Igor Farka\u0161, Comenius University in Bratislava, Slovakia<\/li>\n\n\n\n<li>Chrisina Jayne, Teesside University, UK<\/li>\n\n\n\n<li>Matthias Kerzel, University of Hamburg, Germany<\/li>\n\n\n\n<li>Alessandra Lintas, University of Lausanne, Switzerland<\/li>\n\n\n\n<li>Krist\u00edna Malinovsk\u00e1 (Rebrov\u00e1), Comenius University in Bratislava, Slovakia<\/li>\n\n\n\n<li>Alessio Micheli, University of Pisa, Italy<\/li>\n\n\n\n<li>Jaakko Peltonen, Tampere University, Finland<\/li>\n\n\n\n<li>Brigitte Quenet, ESPCI Paris, France<\/li>\n\n\n\n<li>Ausra Saudargiene, Lithuanian University of Health Sciences, Lithuania<\/li>\n\n\n\n<li>Roseli Wedemann, Rio de Janeiro State University, Brazil<\/li>\n\n\n\n<li>Sebastian Otte, University of L\u00fcbeck, Germany<\/li>\n<\/ul>\n\n\n\n<p><br><\/p>\n","protected":false},"excerpt":{"rendered":"<p>General Chairs Program Chairs Honorary Chairs Organizing Chairs Local organizing \/ Hybrid facilitation Committee Award Chairs Communication Chairs Steering Committee<\/p>\n","protected":false},"author":1,"featured_media":0,"parent":263,"menu_order":0,"comment_status":"closed","ping_status":"closed","template":"","meta":{"footnotes":""},"class_list":["post-64","page","type-page","status-publish","hentry"],"_links":{"self":[{"href":"https:\/\/e-nns.org\/icann2023\/wp-json\/wp\/v2\/pages\/64","targetHints":{"allow":["GET"]}}],"collection":[{"href":"https:\/\/e-nns.org\/icann2023\/wp-json\/wp\/v2\/pages"}],"about":[{"href":"https:\/\/e-nns.org\/icann2023\/wp-json\/wp\/v2\/types\/page"}],"author":[{"embeddable":true,"href":"https:\/\/e-nns.org\/icann2023\/wp-json\/wp\/v2\/users\/1"}],"replies":[{"embeddable":true,"href":"https:\/\/e-nns.org\/icann2023\/wp-json\/wp\/v2\/comments?post=64"}],"version-history":[{"count":5,"href":"https:\/\/e-nns.org\/icann2023\/wp-json\/wp\/v2\/pages\/64\/revisions"}],"predecessor-version":[{"id":2925,"href":"https:\/\/e-nns.org\/icann2023\/wp-json\/wp\/v2\/pages\/64\/revisions\/2925"}],"up":[{"embeddable":true,"href":"https:\/\/e-nns.org\/icann2023\/wp-json\/wp\/v2\/pages\/263"}],"wp:attachment":[{"href":"https:\/\/e-nns.org\/icann2023\/wp-json\/wp\/v2\/media?parent=64"}],"curies":[{"name":"wp","href":"https:\/\/api.w.org\/{rel}","templated":true}]}}