{"id":998,"date":"2017-10-24T21:04:51","date_gmt":"2017-10-24T21:04:51","guid":{"rendered":"https:\/\/e-nns.org\/icann2018\/?page_id=998"},"modified":"2022-09-01T09:55:18","modified_gmt":"2022-09-01T07:55:18","slug":"programme-committee","status":"publish","type":"page","link":"https:\/\/e-nns.org\/icann2022\/organization\/programme-committee\/","title":{"rendered":"Programme Committee"},"content":{"rendered":"\n<p>Abdelhamid Bouchachia, Bournemouth University, United Kingdom<\/p>\n\n\n\n<p>Abdur Rakib, The University of the West of England, Bristol, UK<\/p>\n\n\n\n<p>Abraham Yosipof, College of Law and Business, Israel<\/p>\n\n\n\n<p>Akihiro Inokuchi, Kwansei Gakuin University, Japan<\/p>\n\n\n\n<p>Alaa Zain, Hosei University, Japan<\/p>\n\n\n\n<p>Albert Bifet, LTCI, Telecom ParisTech, France<\/p>\n\n\n\n<p>Alejandro Cabana, Universidad Aut\u00f3noma de Madrid (UAM), Spain<\/p>\n\n\n\n<p>Alexander Claman, University of Miami, USA<\/p>\n\n\n\n<p>Alexander Gepperth, ENSTA ParisTech, France<\/p>\n\n\n\n<p>Alexander Ilin, Aalto University, Finland<\/p>\n\n\n\n<p>Alexander Kovalenko, Czech Technical University in Prague, Czechia<\/p>\n\n\n\n<p>Alexander Krawczyk, HAW Fulda, Germany<\/p>\n\n\n\n<p>Ali Zoljodi, MDU, Sweden<\/p>\n\n\n\n<p>Aluizio Ara\u00fajo, Universidade Federal de Pernambuco, Brazil<\/p>\n\n\n\n<p>Amit Kumar Kundu, University of Maryland College Park, USA<\/p>\n\n\n\n<p>An Xu, Donghua University, China<\/p>\n\n\n\n<p>Anastasios Panagiotis Psathas, Democritus University of Thrace, Greece<\/p>\n\n\n\n<p>Andr\u00e9 Artelt, Bielefeld University, Germany<\/p>\n\n\n\n<p>Andre de Carvalho, University of S\u00e3o Paulo, Brazil<\/p>\n\n\n\n<p>Andrea Castellani, Bielefeld University &#8211; CITEC, Germany<\/p>\n\n\n\n<p>Andrea Galassi, University of Bologna, Italy<\/p>\n\n\n\n<p>Angelo Cangelosi, University of Manchester, United Kingdom<\/p>\n\n\n\n<p>Anmol Biswas, Indian Institute of Technology, Bombay, India<\/p>\n\n\n\n<p>Anna Jenul, Norwegian University of Life Sciences, Norway<\/p>\n\n\n\n<p>Annie DeForge, Bentley University, USA<\/p>\n\n\n\n<p>Anselm Haselhoff, Hochschule Ruhr West, Germany<\/p>\n\n\n\n<p>Antisthenis Tsompanas, UWE Bristol, United Kingdom<\/p>\n\n\n\n<p>Antonio Garc\u00eda-D\u00edaz, Universit\u00e9 libre de Bruxelles (ULB), Belgium<\/p>\n\n\n\n<p>Antonio Pons, Universitat Polit\u00e8cnica de Catalunya, Spain<\/p>\n\n\n\n<p>Antonios Papaleonidas, Democritus Univercity of Thrace, Greece<\/p>\n\n\n\n<p>Argyris Kalogeratos, CMLA, ENS Cachan, France<\/p>\n\n\n\n<p>Asada, Osaka University, Japan<\/p>\n\n\n\n<p>Asei Akanuma, Goldsmiths College, University of London, United Kingdom<\/p>\n\n\n\n<p>Atsushi Koike, Tohoku University, Japan<\/p>\n\n\n\n<p>Baris Serhan, The University of Manchester, United Kingdom<\/p>\n\n\n\n<p>Barkha Javed, UWE Bristol, United Kingdom<\/p>\n\n\n\n<p>Benedikt Bagus, Hochschule Fulda, Germany<\/p>\n\n\n\n<p>Benyuan Liu, University of Massachusetts Lowell, USA<\/p>\n\n\n\n<p>Bernhard Pfahringer, University of Waikato, New Zealand<\/p>\n\n\n\n<p>Bi Yan-Qing, National University of Defense Technology, China<\/p>\n\n\n\n<p>Binyi Wu, TU Dresden, Germany<\/p>\n\n\n\n<p>Binyu Zhao, Harbin Institute of Technology, China<\/p>\n\n\n\n<p>Bo Mei, Texas Christian University, USA<\/p>\n\n\n\n<p>Boyu Diao, ict, China<\/p>\n\n\n\n<p>Hongye Cao, Northwestern Polytechnical University, China<\/p>\n\n\n\n<p>Carsten Marr, German Research Center for Environmental Health, Germany<\/p>\n\n\n\n<p>Chao Ma, Hong Kong Polytechnic University, Hong Kong, China<\/p>\n\n\n\n<p>Cheng Feng, Fujitsu R&amp;D Center, China<\/p>\n\n\n\n<p>Ching-Chia Kao, Academia Sinica, Taiwan<\/p>\n\n\n\n<p>Chrisina Jayne, Teesside University, United Kingdom<\/p>\n\n\n\n<p>Christian Bauckhage, Fraunhofer, Germany<\/p>\n\n\n\n<p>Christian Oliva, UAM, Spain<\/p>\n\n\n\n<p>Christoph Linse, Universit\u00e4t zu L\u00fcbeck, Germany<\/p>\n\n\n\n<p>Chuan Lu, Aberystwyth University, United Kingdom<\/p>\n\n\n\n<p>Chuang Yu, University of Manchester, United Kingdom<\/p>\n\n\n\n<p>Chunhong Cao, Xiangtan University, China<\/p>\n\n\n\n<p>Chun-Shien Lu, Academia Sinica, Taiwan<\/p>\n\n\n\n<p>Claudio Bellei, Elliptic, United Kingdom<\/p>\n\n\n\n<p>Claudio Gallicchio, University of Pisa, Italy<\/p>\n\n\n\n<p>Claudio Giorgio Giancaterino, Catholic University of Milan, Italy<\/p>\n\n\n\n<p>Connor G\u00e4de, University of Hamburg, Germany<\/p>\n\n\n\n<p>Constantine Dovrolis, Georgia Institute of Technology, USA<\/p>\n\n\n\n<p>Cornelius Weber, University of Hamburg, Germany<\/p>\n\n\n\n<p>Co\u015fku Can Horuz, University of Tuebingen, Germany<\/p>\n\n\n\n<p>Cui Wang, Macao Polytechnic University, China<\/p>\n\n\n\n<p>Dan Fisher, University of North Carolina Wilmington, USA<\/p>\n\n\n\n<p>Daniel Kluvanec, Durham University, United Kingdom<\/p>\n\n\n\n<p>David Dembinsky, German Research Center for Artificial Intelligence, Germany<\/p>\n\n\n\n<p>David Mart\u00ednez, DataSpartan Ltd, United Kingdom<\/p>\n\n\n\n<p>Dayananda Herurkar, DFKI, Germany<\/p>\n\n\n\n<p>Denise Gorse, University College London, United Kingdom<\/p>\n\n\n\n<p>Dennis Becker, L\u00fcneburg University, Germany<\/p>\n\n\n\n<p>Dimitrios Bountas, Democritus University of Thrace, Greece<\/p>\n\n\n\n<p>Dimitrios Michail, Harokopio University of Athens, Greece<\/p>\n\n\n\n<p>Diyuan Lu, Frankfurt Institute for Advanced Studies, Germany<\/p>\n\n\n\n<p>Dj McMoran, University of North Carolina Wilmington, USA<\/p>\n\n\n\n<p>Domenico Tortorella, University of Pisa, Italy<\/p>\n\n\n\n<p>Dominique Mercier, German Research Center for Artificial Intelligence, Germany<\/p>\n\n\n\n<p>Doron Nevo, Bar-Ilan University, Israel<\/p>\n\n\n\n<p>Douglas Nyabuga, Donghua University, China<\/p>\n\n\n\n<p>Efe Bozkir, University of Tuebingen, Germany<\/p>\n\n\n\n<p>Eisuke Ito, Ritsumeikan University, Japan<\/p>\n\n\n\n<p>Elias Pimenidis, University of the West of England, United Kingdom<\/p>\n\n\n\n<p>Fabian Hinder, Bielefeld University, Germany<\/p>\n\n\n\n<p>Fanglin Chen, Harbin Institute of Technology, Shenzhen, China<\/p>\n\n\n\n<p>Fares Abawi, University of Hamburg, Germany<\/p>\n\n\n\n<p>Federico Tavella, The University of Manchester, United Kingdom<\/p>\n\n\n\n<p>Feixiang Zhou, University of Leicester, United Kingdom<\/p>\n\n\n\n<p>Feng Wei, York University, Canada<\/p>\n\n\n\n<p>Florence Dupin de Saint-Cyr, IRIT, Universite Paul Sabatier, France<\/p>\n\n\n\n<p>Francesco Semeraro, The University of Manchester, United Kingdom<\/p>\n\n\n\n<p>Francois Blayo, Neoinstinct, Switzerland<\/p>\n\n\n\n<p>Frank Gyan Okyere, Rothamsted Research, United Kingdom<\/p>\n\n\n\n<p>Frederic Alexandre, INRIA, France<\/p>\n\n\n\n<p>Gang Yang, Renmin University of China, China<\/p>\n\n\n\n<p>Giannis Nikolentzos, Athens University of Economics and Business, Greece<\/p>\n\n\n\n<p>Gonzalo Mart\u00ednez-Mu\u00f1oz, Universidad Aut\u00f3noma de Madrid, Spain<\/p>\n\n\n\n<p>Gr\u00e9gory Bourguin, LISIC \/ ULCO, France<\/p>\n\n\n\n<p>Guillermo Mart\u00edn-S\u00e1nchez, Graduate Training Center of Neuroscience, Germany<\/p>\n\n\n\n<p>Gulustan Dogan, University of North Carolina Wilmington, USA<\/p>\n\n\n\n<p>Habib Khan, Islamia College Peshawar, Pakistan<\/p>\n\n\n\n<p>Hafez Farazi, University of Bonn, Germany<\/p>\n\n\n\n<p>Haixia Liu, University of the West of England, United Kingdom<\/p>\n\n\n\n<p>Haizhou Du, Shanghai University of Electric Power, China<\/p>\n\n\n\n<p>Hang Gao, Institute of Software Chinese Academy of Sciences, China<\/p>\n\n\n\n<p>Haopeng Chen, Shanghai Jiao Tong University, China<\/p>\n\n\n\n<p>Hazrat Ali, Hamad Bin Khalifa University, Qatar<\/p>\n\n\n\n<p>Heitor Gomes, University of Waikato, New Zealand<\/p>\n\n\n\n<p>Hideaki Yamamoto, Tohoku University, Japan<\/p>\n\n\n\n<p>Hina Afridi, NTNU, Norway<\/p>\n\n\n\n<p>Hiroyoshi Ito, University of Tsukuba, Japan<\/p>\n\n\n\n<p>Hisham Ihshaish, University of the West of England, United Kingdom<\/p>\n\n\n\n<p>Hong Qing Yu, University of Bedfordshire, United Kingdom<\/p>\n\n\n\n<p>Hongchao Gao, South China University of Technology, China<\/p>\n\n\n\n<p>Honggang Zhang, University of Massachusetts Boston, USA<\/p>\n\n\n\n<p>Hugo Eduardo Camacho Cruz, Universidad Aut\u00f3noma de Tamaulipas, Mexico<\/p>\n\n\n\n<p>Hugues Bersini, Universite Libre de Bruxelles, Brussels, Belgium<\/p>\n\n\n\n<p>Huifang Ma, NorthWest Normal University, China<\/p>\n\n\n\n<p>Huiyu Zhou, University of Leicester, United Kingdom<\/p>\n\n\n\n<p>Hy Dang, Texas Christian University, USA<\/p>\n\n\n\n<p>Igor Farka\u0161, Comenius University in Bratislava, Slovakia<\/p>\n\n\n\n<p>Ioannis Pierros, Aristotle University of Thessaloniki, Greece<\/p>\n\n\n\n<p>Iveta Be\u010dkov\u00e1, Comenius University in Bratislava, Slovakia<\/p>\n\n\n\n<p>Jae Hee Lee, University of Hamburg, Germany<\/p>\n\n\n\n<p>James J.Q. Yu, Southern University of Science and Technology, Hong Kong<\/p>\n\n\n\n<p>James Msonda, Aberystwyth University, United Kingdom<\/p>\n\n\n\n<p>Jan Faigl, Czech Technical University in Prague. Czechia<\/p>\n\n\n\n<p>Jan Feber, Czech Technical University in Prague, Czechia<\/p>\n\n\n\n<p>Jan Kalina, The Czech Academy of Sciences, Czechia<\/p>\n\n\n\n<p>J\u00e9r\u00e9mie Cabessa, University Paris, France<\/p>\n\n\n\n<p>Jia Cai, Guangdong University of Finance &amp; Economics, China<\/p>\n\n\n\n<p>Jiajun Liu, CSIRO, Australia<\/p>\n\n\n\n<p>Jianhua Xu, Nanjing Normal University, China<\/p>\n\n\n\n<p>Jian-Wei Liu, China University of Petroleum, Beijing, China<\/p>\n\n\n\n<p>Jianyong Chen, Shenzhen University, Shenzhen, China<\/p>\n\n\n\n<p>Jichao Bi, Zhejiang University, China<\/p>\n\n\n\n<p>Jie Shao, University of Science and Technology, China<\/p>\n\n\n\n<p>Jim Smith, University of the West of England, United Kingdom<\/p>\n\n\n\n<p>Jing Yang, Hefei University of Technology, China<\/p>\n\n\n\n<p>Jingyi Yuan, Arizona State University, USA<\/p>\n\n\n\n<p>Jingyun Jia, Florida Institute of Technology, USA<\/p>\n\n\n\n<p>Johannes Brinkrolf, CITEC centre of excellence, Germany<\/p>\n\n\n\n<p>Jonathan Jakob, Bielefeld University, Germany<\/p>\n\n\n\n<p>Jonathan Lawry, University of Bristol, United Kingdom<\/p>\n\n\n\n<p>Jonathan Mojoo, Hiroshima University, Japan<\/p>\n\n\n\n<p>Jordi Cosp-Vilella, Universitat Polit\u00e8cnica de Catalunya, Spain<\/p>\n\n\n\n<p>Jordi Madrenas, Universitat Polit\u00e8cnica de Catalunya, Spain<\/p>\n\n\n\n<p>Joseph Jaja, University of Maryland, USA<\/p>\n\n\n\n<p>Juan Liu, School of computer science, Wuhan University, China<\/p>\n\n\n\n<p>K. L. Eddie Law, Macao Polytechnic University, Macao<\/p>\n\n\n\n<p>Kamran Soomro, University of the West of England, United Kingdom<\/p>\n\n\n\n<p>Katsiaryna Haitsiukevich, Aalto University, Finland<\/p>\n\n\n\n<p>Kenneth Co, Imperial College London, United Kingdom<\/p>\n\n\n\n<p>Koji Kyoda, RIKEN Center for Biosystems Dynamics Research, Japan<\/p>\n\n\n\n<p>Koloud Alkhamaiseh, Western Michigan University, USA<\/p>\n\n\n\n<p>Kostadin Cvejoski, Fraunhofer, Germany<\/p>\n\n\n\n<p>Kostantinos Demertzis, Democritus University of Thrace, Greece<\/p>\n\n\n\n<p>Kristian Hovde Liland, Norwegian University of Life Sciences, Norway<\/p>\n\n\n\n<p>Kuntal Ghosh, Indian Statistical Institute, India<\/p>\n\n\n\n<p>Larry Bull, UWE Bristol, United Kingdom<\/p>\n\n\n\n<p>Lei Luo, Kansas State University, USA<\/p>\n\n\n\n<p>Leiping Jie, Hong Kong Baptist University, Hong Kong<\/p>\n\n\n\n<p>Lian Yahong, Dalian University of Technology, China<\/p>\n\n\n\n<p>Liang Ge, Chongqing University, China<\/p>\n\n\n\n<p>Liang Zhao, Dalian University of Technology, China<\/p>\n\n\n\n<p>Liang Zhao, University of S\u00e3o Paulo, Brazil<\/p>\n\n\n\n<p>Lingfei Dai, ICT &#8211; CAS, China<\/p>\n\n\n\n<p>Linlin Shen, Shenzhen University, China<\/p>\n\n\n\n<p>Lu Wang, Macao Polytechnic University, Macao<\/p>\n\n\n\n<p>Luca Oneto, University of Genoa, Italy<\/p>\n\n\n\n<p>Luca Raggioli, The University of Manchester, United Kingdom<\/p>\n\n\n\n<p>Lu\u00eds A. Alexandre, UBI and NOVA LINCS, Portugal<\/p>\n\n\n\n<p>Luis Lago, Universidad Aut\u00f3noma de Madrid, Spain<\/p>\n\n\n\n<p>Lun-Ing Zhang, China University of Petroleum,Beijing, China<\/p>\n\n\n\n<p>Magda Friedjungov\u00e1, Czech Technical University in Prague, Czechia<\/p>\n\n\n\n<p>Manon Dampfhoffer, Univ. Grenoble Alpes, France<\/p>\n\n\n\n<p>Marc Wenninger, Technische Hochschule Rosenheim, Germany<\/p>\n\n\n\n<p>Marcello Trovati, Edge Hill University, United Kingdom<\/p>\n\n\n\n<p>Marco Perez Hernandez, The University of the West of England &#8211; Bristol, United Kingdom<\/p>\n\n\n\n<p>Maria Papadaki, University of Derby, United Kingdom<\/p>\n\n\n\n<p>Marika Kaden, HS Mittweida, Germany<\/p>\n\n\n\n<p>Markus Kollmann, Heinrich Heine Universitaet, Germany<\/p>\n\n\n\n<p>Marta Romeo, The University of Manchester, United Kingdom<\/p>\n\n\n\n<p>Martin Butz, University of T\u00fcbingen, Germany<\/p>\n\n\n\n<p>Martin Ferianc, University College London, United Kingdom<\/p>\n\n\n\n<p>Masanari Kimura, ZOZO Research, Japan<\/p>\n\n\n\n<p>Masoud Daneshtalab, M\u00e4lardalen University, Sweden<\/p>\n\n\n\n<p>Matthew Evanusa, University of Maryland, USA<\/p>\n\n\n\n<p>Matthias Karlbauer, University of T\u00fcbingen, Germany<\/p>\n\n\n\n<p>Matthias Kerzel, University of Hamburg, Germany<\/p>\n\n\n\n<p>Mattias Dahl, Blekinge Institute of Technology, Sweden<\/p>\n\n\n\n<p>Md Delwar Hossain, Nara Institute of Science and Technology, Japan<\/p>\n\n\n\n<p>Mehmet Emin Aydin, University of the West of England, United Kingdom<\/p>\n\n\n\n<p>Mihaela Oprea, University Petroleum-Gas of Ploiesti, Romania<\/p>\n\n\n\n<p>Mohammad Loni, MDU, Sweden<\/p>\n\n\n\n<p>Moritz Wolter, University of Bonn, Germany<\/p>\n\n\n\n<p>Mu Hua, University of Lincoln, United Kingdom<\/p>\n\n\n\n<p>Muhammad Usama Javaid, Eura Nova, Belgium<\/p>\n\n\n\n<p>Nashwa El-Bendary, Arab Academy for Science, Technology &amp; Maritime Transport, Egypt<\/p>\n\n\n\n<p>Nathan Duran, University of the West of England, United Kingdom<\/p>\n\n\n\n<p>Nermeen Abou Baker, Hochschule Ruhr West, Germany<\/p>\n\n\n\n<p>Nikolaos Polatidis, University of Brighton, United Kingdom<\/p>\n\n\n\n<p>Oleg Bakhteev, MIPT, Russia<\/p>\n\n\n\n<p>Olga Grebenkova, Moscow Institute of Physics and Technology (MIPT), Russia<\/p>\n\n\n\n<p>Or Elroy, CLB, Israel<\/p>\n\n\n\n<p>Ozan \u00d6zdemir, University of Hamburg, Germany<\/p>\n\n\n\n<p>Paulo Cortez, University of Minho, Portugal<\/p>\n\n\n\n<p>Plamen Angelov, Lancaster University, United Kingdom<\/p>\n\n\n\n<p>Rafet Durgut, Bandirma Onyedi Eylul University, Turkey<\/p>\n\n\n\n<p>Roman Moucek, University of West Bohemia, Czechia<\/p>\n\n\n\n<p>Roseli S. Wedemann, Universidade do Estado do Rio de Janeiro, Brazil<\/p>\n\n\n\n<p>Ruijun Feng, Zhejiang University of Finance and Economics, China<\/p>\n\n\n\n<p>Saikat Chakraborty, Kalinga Institute of Industrial Technology (KIIT), India<\/p>\n\n\n\n<p>Sajjad Heydari, University of Manitoba, Winnipeg, Canada<\/p>\n\n\n\n<p>Sander Bohte, CWI, Netherlands<\/p>\n\n\n\n<p>Sandrine Mouysset, IRIT, France<\/p>\n\n\n\n<p>Sebasti\u00e1n Basterrech, VSB-Technical University of Ostrava, Czechia<\/p>\n\n\n\n<p>Sebastian Otte, University of T\u00fcbingen, Germany<\/p>\n\n\n\n<p>Senwei Liang, Purdue University, USA<\/p>\n\n\n\n<p>Shelan Jeawak, The University of the West of England &#8211; Bristol, United Kingdom<\/p>\n\n\n\n<p>Shoubin Dong, South China University of Technology, China<\/p>\n\n\n\n<p>Sidi Yang, RI-MUHC, Canada<\/p>\n\n\n\n<p>Song Guo, Xi&#8217;an University of Architecture and Technology, China<\/p>\n\n\n\n<p>Songlin Du, Southeast University, China<\/p>\n\n\n\n<p>Stefan Wermter, University of Hamburg, Germany<\/p>\n\n\n\n<p>Steve Battle, University of the West of England, United Kingdom<\/p>\n\n\n\n<p>Sven Behnke, University of Bonn, Germany<\/p>\n\n\n\n<p>Takaharu Yaguchi, Kobe University, Japan<\/p>\n\n\n\n<p>Takeshi Ikenaga, Waseda University, Japan<\/p>\n\n\n\n<p>Tang Kai, Toshiba, China<\/p>\n\n\n\n<p>Tetsuya Hoya, Nihon University, Japan<\/p>\n\n\n\n<p>Tianlin Zhang, University of Chinese Academy of Sciences, China<\/p>\n\n\n\n<p>Tieke He, Nanjing University, China<\/p>\n\n\n\n<p>Tim Brailsford, UWE Bristol, United Kingdom<\/p>\n\n\n\n<p>Ting Bai, Hefei University of Technology, China<\/p>\n\n\n\n<p>Toby Breckon, Durham University, United Kingdom<\/p>\n\n\n\n<p>Varun Ojha, University of Reading, United Kingdom<\/p>\n\n\n\n<p>Wenxin Yu, Southwest University of Science and Technology, China<\/p>\n\n\n\n<p>Xi Cheng, Nanjing University of Science and Technology, China<\/p>\n\n\n\n<p>Xia Feng, Civil Aviation University, China<\/p>\n\n\n\n<p>Xian Zhong, Wuhan University of Technology, China<\/p>\n\n\n\n<p>Xiang Zhang, National University of Defense Technology, China<\/p>\n\n\n\n<p>Xiaoqing Liu, Kyushu University, Japan<\/p>\n\n\n\n<p>Xiumei Li, Hangzhou Normal University, China<\/p>\n\n\n\n<p>Xizhan Gao, University of Jinan, China<\/p>\n\n\n\n<p>Xuan Yang Xuan Yang, Shenzhen University, China<\/p>\n\n\n\n<p>Yan Chen, Chinese Academy of Sciences, China<\/p>\n\n\n\n<p>Yangguang Cui, East China Normal University, China<\/p>\n\n\n\n<p>Yapeng Gao, University of T\u00fcbingen, Germany<\/p>\n\n\n\n<p>Yaxi Chen, Wuhan University, China<\/p>\n\n\n\n<p>Yiannis Aloimonos, University of Maryland, USA<\/p>\n\n\n\n<p>Yihao Luo, Huazhong University of Science and Technology, China<\/p>\n\n\n\n<p>Yipeng Yu, Tencent, China<\/p>\n\n\n\n<p>Yuan Li, Academy of Military Science, China<\/p>\n\n\n\n<p>Yuanyuan Chen, Sichuan University, China<\/p>\n\n\n\n<p>Yuchen Zheng, Shihezi University, China<\/p>\n\n\n\n<p>Yuchun Fang, Shanghai University, China<\/p>\n\n\n\n<p>Yue Gao, Beijing University of Posts and Telecommunications, China<\/p>\n\n\n\n<p>Yuji Kawai, Osaka University, Japan<\/p>\n\n\n\n<p>Zhaoxiang Zang, China Three Gorges University, China<\/p>\n\n\n\n<p>Zhaoyun Ding, National University of Defense Technology, China<\/p>\n\n\n\n<p>Zhengfeng Yang, East China Normal UNiversity, Shanghai, China<\/p>\n\n\n\n<p>Zhenjie Yao, CMCC, China<\/p>\n\n\n\n<p>Zhiping Lai, Fudan University, China<\/p>\n\n\n\n<p>Zhiqiang Zhang, Hosei University, Japan<\/p>\n\n\n\n<p>Zhixin Li, Guangxi Normal University, China<\/p>\n\n\n\n<p>Zhongnan Zhang, Xiamen University, China<\/p>\n","protected":false},"excerpt":{"rendered":"<p>Abdelhamid Bouchachia, Bournemouth University, United Kingdom Abdur Rakib, The University of the West of England, Bristol, UK Abraham Yosipof, College of Law and Business, Israel Akihiro Inokuchi, Kwansei Gakuin University, Japan Alaa Zain, Hosei University, Japan Albert Bifet, LTCI, Telecom ParisTech, France Alejandro Cabana, Universidad Aut\u00f3noma de Madrid (UAM), Spain Alexander Claman, University of Miami, &hellip; <a href=\"https:\/\/e-nns.org\/icann2022\/organization\/programme-committee\/\" class=\"more-link\">Continue reading<span class=\"screen-reader-text\"> &#8220;Programme Committee&#8221;<\/span><\/a><\/p>\n","protected":false},"author":1,"featured_media":0,"parent":263,"menu_order":0,"comment_status":"closed","ping_status":"closed","template":"","meta":{"footnotes":""},"class_list":["post-998","page","type-page","status-publish","hentry"],"_links":{"self":[{"href":"https:\/\/e-nns.org\/icann2022\/wp-json\/wp\/v2\/pages\/998","targetHints":{"allow":["GET"]}}],"collection":[{"href":"https:\/\/e-nns.org\/icann2022\/wp-json\/wp\/v2\/pages"}],"about":[{"href":"https:\/\/e-nns.org\/icann2022\/wp-json\/wp\/v2\/types\/page"}],"author":[{"embeddable":true,"href":"https:\/\/e-nns.org\/icann2022\/wp-json\/wp\/v2\/users\/1"}],"replies":[{"embeddable":true,"href":"https:\/\/e-nns.org\/icann2022\/wp-json\/wp\/v2\/comments?post=998"}],"version-history":[{"count":3,"href":"https:\/\/e-nns.org\/icann2022\/wp-json\/wp\/v2\/pages\/998\/revisions"}],"predecessor-version":[{"id":2722,"href":"https:\/\/e-nns.org\/icann2022\/wp-json\/wp\/v2\/pages\/998\/revisions\/2722"}],"up":[{"embeddable":true,"href":"https:\/\/e-nns.org\/icann2022\/wp-json\/wp\/v2\/pages\/263"}],"wp:attachment":[{"href":"https:\/\/e-nns.org\/icann2022\/wp-json\/wp\/v2\/media?parent=998"}],"curies":[{"name":"wp","href":"https:\/\/api.w.org\/{rel}","templated":true}]}}