{"id":64,"date":"2015-08-05T09:27:44","date_gmt":"2015-08-05T09:27:44","guid":{"rendered":"http:\/\/nhrg02n.unil.ch\/icann2016.org\/public_html\/?page_id=64"},"modified":"2022-09-01T09:55:58","modified_gmt":"2022-09-01T07:55:58","slug":"organising-committee","status":"publish","type":"page","link":"https:\/\/e-nns.org\/icann2022\/organization\/organising-committee\/","title":{"rendered":"Organising committee"},"content":{"rendered":"\n<p><strong>General Chairs<\/strong><br>Elias Pimenidis \u2013 UWE Bristol, UK<br>Angelo Cangelosi &#8211; University of Manchester, UK<br><br><strong>Organising Committee Chairs<\/strong><br>Tim Brailsford \u2013 UWE Bristol, UK<br>Larry Bull \u2013 UWE Bristol, UK<\/p>\n\n\n\n<p><strong>Honorary Chairs<\/strong><br>Stefan Wermter \u2013 University of Hamburg, Germany (ENNS President)<br>Igor Farka\u0161 \u2013 FMPI, Comenius University in Bratislava, Slovakia<\/p>\n\n\n\n<p><strong>Programme Committee Chairs<\/strong><br>Plamen Angelov \u2013 Lancaster University, UK<br>Mehmet Aydin \u2013 UWE Bristol, UK<br>Chrisina Jayne \u2013 Teesside University, UK<br>Elias Pimenidis \u2013 UWE Bristol, UK<br><br><strong>Communication Chairs<\/strong><br>Paolo Masulli \u2013 ENNS, Technical University of Denmark<br>Krist\u00edna Malinovsk\u00e1 \u2013 FMPI, Comenius University in Bratislava, Slovakia<br>Antonios Papaleonidas \u2013 Democritus University of Thrace, Greece<\/p>\n\n\n\n<p><strong>Steering Committee<\/strong><br>J\u00e9r\u00e9mie Cabessa (Paris, France)<br>Wlodek Duch (Torun, Poland)<br>Igor Farka\u0161 (Bratislava, Slovakia)<br>Matthias Kerzel (Hamburg, Germany)<br>V\u011bra K\u016frkov\u00e1 (Prague, Czechia)<br>Alessandra Lintas (Lausanne, Switzerland)<br>Paolo Masulli (Copenhagen, Denmark)<br>Alessio Micheli (Pisa, Italy)<br>Erkki Oja (Helsinki, Finland)<br>Sebastian Otte (T\u00fcbingen, Germany)<br>Jaakko Peltonen (Tampere, Finland)<br>Antonio J. Pons (Barcelona, Spain)<br>Igor V. Tetko (Munich, Germany)<br>Alessandro E. P. Villa (Lausanne, Switzerland)<br>Roseli Wedemann (Rio de Janeiro, Brazil)<br>Stefan Wermter (Hamburg, Germany)<\/p>\n\n\n\n<p><strong>Local Organising Committee<\/strong><br>Nathan Duran \u2013 UWE Bristol, UK<br>Haixia Liu \u2013 UWE Bristol, UK<br>Zaheer Khan \u2013 UWE Bristol, UK<br>Antonios Papaleonidas \u2013 Democritus University of Thrace, Greece<br>Nikolaos Polatidis \u2013 Brighton University, UK<br>Anastasios Panagiotis Psathas &#8211; Democritus University of Thrace, Greece<br>Antisthenis Tsompanas \u2013 UWE Bristol, UK<\/p>\n","protected":false},"excerpt":{"rendered":"<p>General ChairsElias Pimenidis \u2013 UWE Bristol, UKAngelo Cangelosi &#8211; University of Manchester, UK Organising Committee ChairsTim Brailsford \u2013 UWE Bristol, UKLarry Bull \u2013 UWE Bristol, UK Honorary ChairsStefan Wermter \u2013 University of Hamburg, Germany (ENNS President)Igor Farka\u0161 \u2013 FMPI, Comenius University in Bratislava, Slovakia Programme Committee ChairsPlamen Angelov \u2013 Lancaster University, UKMehmet Aydin \u2013 UWE &hellip; <a href=\"https:\/\/e-nns.org\/icann2022\/organization\/organising-committee\/\" class=\"more-link\">Continue reading<span class=\"screen-reader-text\"> &#8220;Organising committee&#8221;<\/span><\/a><\/p>\n","protected":false},"author":1,"featured_media":0,"parent":263,"menu_order":0,"comment_status":"closed","ping_status":"closed","template":"","meta":{"footnotes":""},"class_list":["post-64","page","type-page","status-publish","hentry"],"_links":{"self":[{"href":"https:\/\/e-nns.org\/icann2022\/wp-json\/wp\/v2\/pages\/64","targetHints":{"allow":["GET"]}}],"collection":[{"href":"https:\/\/e-nns.org\/icann2022\/wp-json\/wp\/v2\/pages"}],"about":[{"href":"https:\/\/e-nns.org\/icann2022\/wp-json\/wp\/v2\/types\/page"}],"author":[{"embeddable":true,"href":"https:\/\/e-nns.org\/icann2022\/wp-json\/wp\/v2\/users\/1"}],"replies":[{"embeddable":true,"href":"https:\/\/e-nns.org\/icann2022\/wp-json\/wp\/v2\/comments?post=64"}],"version-history":[{"count":6,"href":"https:\/\/e-nns.org\/icann2022\/wp-json\/wp\/v2\/pages\/64\/revisions"}],"predecessor-version":[{"id":2723,"href":"https:\/\/e-nns.org\/icann2022\/wp-json\/wp\/v2\/pages\/64\/revisions\/2723"}],"up":[{"embeddable":true,"href":"https:\/\/e-nns.org\/icann2022\/wp-json\/wp\/v2\/pages\/263"}],"wp:attachment":[{"href":"https:\/\/e-nns.org\/icann2022\/wp-json\/wp\/v2\/media?parent=64"}],"curies":[{"name":"wp","href":"https:\/\/api.w.org\/{rel}","templated":true}]}}