{"id":998,"date":"2017-10-24T21:04:51","date_gmt":"2017-10-24T21:04:51","guid":{"rendered":"https:\/\/e-nns.org\/icann2018\/?page_id=998"},"modified":"2021-04-28T06:30:07","modified_gmt":"2021-04-28T06:30:07","slug":"programme-committee","status":"publish","type":"page","link":"https:\/\/e-nns.org\/icann2021\/organization\/programme-committee\/","title":{"rendered":"Programme Committee"},"content":{"rendered":"\n<p>Gabriela Andrejkova, \u0160af\u00e1rik University In Ko\u0161ice, Slovakia<br>Miguel Atencia, Universidad De Malaga, Spain<br>Jyostna Bodapati, Vignan Foundation For Science Technology And Research, India<br>Nicolas Bougie, Sokendai \/ National Institute Of Informatics, Japan<br>Vladimir Boza, Comenius University, Slovakia<br>J\u00e9r\u00e9mie Cabessa, Universit\u00e9 Panth\u00e9on-Assas &#8211; Paris 2, France<br>Alessandro Di Nuovo, Sheffield Hallam University, United Kingdom<br>Wlodzislaw Duch, Nicolaus Copernicus University, Poland<br>Manfred Eppe, Universit\u00e4t Hamburg, Germany<br>Yuchun Fang, Shanghai University, China<br>Jochen Garcke, University Of Bonn, Germany<br>Michal Gregor, University Of Zilina, Slovakia<br>Michael Guckert, Technische Hochschule Mittelhessen, Germany<br>Alberto Guill\u00e9n, University Of Granada, Spain<br>Stefan Heinrich, International Research Center For Neurointelligence, Japan<br>Xavier Hinaut, Inria, France<br>Dania Humaidan, University Of T\u00fcbingen, Germany<br>Renaud Jolivet, University Of Geneva, Switzerland<br>Petia Koprinkova-Hristova, Bulgarian Academy Of Sciences, Bulgaria<br>Alessandra Lintas, University Of Lausanne, Switzerland<br>Shuai L\u00fc, Jilin University, China<br>Alessio Micheli, Universit\u00e0 Di Pisa, Italy<br>Milo\u0161 Oravec, Slovak University Of Technology, Slovakia<br>Sebastian Otte, University Of T\u00fcbingen, Germany<br>Jaakko Peltonen, Tampere University, Finland<br>Vincenzo Piuri, University Of Milan, Italy<br>Antonio Javier Pons Rivero, Universitat Polit\u00e8cnica De Catalunya, Barcelona, Spain<br>Jochen Schmidt, Th Rosenheim, Germany<br>Cedric Schockaert, Paul Wurth , Germany<br>Friedhelm Schwenker, University Of Ulm, Germany<br>Martin Tak\u00e1\u010d, Comenius University, Slovakia<br>Enzo Tartaglione, Universita&#8217; Degli Studi Torino, Unknown<br>Igor Tetko, Helmholtz Zentrum Muenchen, Germany<br>Jochen Triesch, Frankfurt Institute For Advanced Studies, Germany<br>Michal Vavrecka, Czech Technical University, Czech Republic<br>Sagar Verma, Centralesupelec, France<br>Ricardo Vig\u00e1rio, University Nova School Of Science And Technology, Portugal<br>Alessandro E.P. Villa, University of Lausanne, Switzerland<br>Roseli Wedemann, Universidade Do Estado Do Rio De Janeiro, Brazil<br>Thomas Wennekers, Plymouth University, United Kingdom<\/p>\n","protected":false},"excerpt":{"rendered":"<p>Gabriela Andrejkova, \u0160af\u00e1rik University In Ko\u0161ice, SlovakiaMiguel Atencia, Universidad De Malaga, SpainJyostna Bodapati, Vignan Foundation For Science Technology And Research, IndiaNicolas Bougie, Sokendai \/ National Institute Of Informatics, JapanVladimir Boza, Comenius University, SlovakiaJ\u00e9r\u00e9mie Cabessa, Universit\u00e9 Panth\u00e9on-Assas &#8211; Paris 2, FranceAlessandro Di Nuovo, Sheffield Hallam University, United KingdomWlodzislaw Duch, Nicolaus Copernicus University, PolandManfred Eppe, Universit\u00e4t Hamburg, &hellip; <a href=\"https:\/\/e-nns.org\/icann2021\/organization\/programme-committee\/\" class=\"more-link\">Continue reading<span class=\"screen-reader-text\"> &#8220;Programme Committee&#8221;<\/span><\/a><\/p>\n","protected":false},"author":1,"featured_media":0,"parent":263,"menu_order":0,"comment_status":"closed","ping_status":"closed","template":"","meta":{"footnotes":""},"class_list":["post-998","page","type-page","status-publish","hentry"],"_links":{"self":[{"href":"https:\/\/e-nns.org\/icann2021\/wp-json\/wp\/v2\/pages\/998","targetHints":{"allow":["GET"]}}],"collection":[{"href":"https:\/\/e-nns.org\/icann2021\/wp-json\/wp\/v2\/pages"}],"about":[{"href":"https:\/\/e-nns.org\/icann2021\/wp-json\/wp\/v2\/types\/page"}],"author":[{"embeddable":true,"href":"https:\/\/e-nns.org\/icann2021\/wp-json\/wp\/v2\/users\/1"}],"replies":[{"embeddable":true,"href":"https:\/\/e-nns.org\/icann2021\/wp-json\/wp\/v2\/comments?post=998"}],"version-history":[{"count":6,"href":"https:\/\/e-nns.org\/icann2021\/wp-json\/wp\/v2\/pages\/998\/revisions"}],"predecessor-version":[{"id":2424,"href":"https:\/\/e-nns.org\/icann2021\/wp-json\/wp\/v2\/pages\/998\/revisions\/2424"}],"up":[{"embeddable":true,"href":"https:\/\/e-nns.org\/icann2021\/wp-json\/wp\/v2\/pages\/263"}],"wp:attachment":[{"href":"https:\/\/e-nns.org\/icann2021\/wp-json\/wp\/v2\/media?parent=998"}],"curies":[{"name":"wp","href":"https:\/\/api.w.org\/{rel}","templated":true}]}}