{"id":64,"date":"2015-08-05T09:27:44","date_gmt":"2015-08-05T09:27:44","guid":{"rendered":"http:\/\/nhrg02n.unil.ch\/icann2016.org\/public_html\/?page_id=64"},"modified":"2015-08-05T09:27:44","modified_gmt":"2015-08-05T09:27:44","slug":"organising-committee","status":"publish","type":"page","link":"https:\/\/e-nns.org\/icann2020\/organization\/organising-committee\/","title":{"rendered":"Organising committee"},"content":{"rendered":"\n<p><strong>General Chairs<\/strong><br>Igor Farka\u0161 (FMPI, Comenius University in Bratislava, Slovakia)<br>\u013dubica Be\u0148u\u0161kov\u00e1 (FMPI, Comenius University in Bratislava, Slovakia)<\/p>\n\n\n\n<p><strong>Organising Committee Chairs<\/strong><br>Krist\u00edna Malinovsk\u00e1 (FMPI, Comenius University in Bratislava, Slovakia)<br>Alessandra Lintas (ENNS Lausanne, Switzerland)<\/p>\n\n\n\n<p><strong>Honorary Chairs<\/strong><br>Stefan Wermter, University in Hamburg, Germany (ENNS President)&nbsp;<br>Vera Kurkova, Czech Academy of Sciences, Prague, Czechia (past ENNS President)<\/p>\n\n\n\n<p><strong>Publication Chair<\/strong><br>Juraj B\u00e1novsk\u00fd (FMPI, Comenius University in Bratislava, Slovakia),\u00a0 <\/p>\n\n\n\n<p><strong>Communication Chair<\/strong><br>Paolo Masulli (ENNS, Technical University of Denmark)<\/p>\n\n\n\n<p><strong>Steering Committee<\/strong><\/p>\n\n\n\n<ul class=\"wp-block-list\"><li>Stefan Wermter (Hamburg, Germany) <\/li><li>Erkki Oja (Helsinki, Finland)<\/li><li>Wlodek Duch (Torun, Poland)<\/li><li>Alessandro E. P. Villa&nbsp;(Lausanne, Switzerland)<\/li><li>V\u011bra K\u016frkov\u00e1 (Prague, Czechia)<\/li><li>J\u00e9r\u00e9mie Cabessa (Paris, France)<\/li><li>Igor Farka\u0161 (Bratislava, Slovakia) <\/li><li>Alessandra Lintas (Lausanne, Switzerland)<\/li><li>Paolo Masulli (Copenhagen, Denmark)<\/li><li>Alessio Micheli (Pisa, Italy)<\/li><li>Sebastian Otte (T\u00fcbingen, Germany)<\/li><li>Jaakko Peltonen (Tampere, Finland)<\/li><li>Antonio J. Pons (Barcelona, Spain)<\/li><li>Igor V. Tetko (Munich, Germany)<\/li><li>Roseli Wedemann (Rio de Janeiro, Brazil)<\/li><\/ul>\n\n\n\n<p><\/p>\n","protected":false},"excerpt":{"rendered":"<p>General ChairsIgor Farka\u0161 (FMPI, Comenius University in Bratislava, Slovakia)\u013dubica Be\u0148u\u0161kov\u00e1 (FMPI, Comenius University in Bratislava, Slovakia) Organising Committee ChairsKrist\u00edna Malinovsk\u00e1 (FMPI, Comenius University in Bratislava, Slovakia)Alessandra Lintas (ENNS Lausanne, Switzerland) Honorary ChairsStefan Wermter, University in Hamburg, Germany (ENNS President)&nbsp;Vera Kurkova, Czech Academy of Sciences, Prague, Czechia (past ENNS President) Publication ChairJuraj B\u00e1novsk\u00fd (FMPI, Comenius University &hellip; <a href=\"https:\/\/e-nns.org\/icann2020\/organization\/organising-committee\/\" class=\"more-link\">Continue reading<span class=\"screen-reader-text\"> &#8220;Organising committee&#8221;<\/span><\/a><\/p>\n","protected":false},"author":1,"featured_media":0,"parent":263,"menu_order":0,"comment_status":"closed","ping_status":"closed","template":"","meta":{"footnotes":""},"class_list":["post-64","page","type-page","status-publish","hentry"],"_links":{"self":[{"href":"https:\/\/e-nns.org\/icann2020\/wp-json\/wp\/v2\/pages\/64","targetHints":{"allow":["GET"]}}],"collection":[{"href":"https:\/\/e-nns.org\/icann2020\/wp-json\/wp\/v2\/pages"}],"about":[{"href":"https:\/\/e-nns.org\/icann2020\/wp-json\/wp\/v2\/types\/page"}],"author":[{"embeddable":true,"href":"https:\/\/e-nns.org\/icann2020\/wp-json\/wp\/v2\/users\/1"}],"replies":[{"embeddable":true,"href":"https:\/\/e-nns.org\/icann2020\/wp-json\/wp\/v2\/comments?post=64"}],"version-history":[{"count":0,"href":"https:\/\/e-nns.org\/icann2020\/wp-json\/wp\/v2\/pages\/64\/revisions"}],"up":[{"embeddable":true,"href":"https:\/\/e-nns.org\/icann2020\/wp-json\/wp\/v2\/pages\/263"}],"wp:attachment":[{"href":"https:\/\/e-nns.org\/icann2020\/wp-json\/wp\/v2\/media?parent=64"}],"curies":[{"name":"wp","href":"https:\/\/api.w.org\/{rel}","templated":true}]}}